{"id":907,"date":"2021-03-12T06:20:07","date_gmt":"2021-03-12T03:20:07","guid":{"rendered":"https:\/\/studio.umiteski.com.tr\/masonry\/"},"modified":"2021-03-24T11:04:56","modified_gmt":"2021-03-24T08:04:56","slug":"portfolyo","status":"publish","type":"page","link":"https:\/\/studio.umiteski.com.tr\/en\/portfolyo\/","title":{"rendered":"Portfolio"},"content":{"rendered":"<div class=\"wpb-content-wrapper\"><!-- Start CWS Row --><div id=\"cws_content_69e53702daf55\" class=\"cws-content\"><div class=\"vc_row wpb_row vc_row-fluid\"><!-- Start CWS Column --> <div id='cws-column-69e53702db8cd' class='cws-column-wrapper vc_col-sm-12'><div class=\"wpb_column vc_column_container vc_col-sm-12\"><div class=\"vc_column-inner\"><div class=\"wpb_wrapper\"><section id='cws-portfolio-posts-grid-69e53702e1674' class='posts-grid cws-portfolio-posts-grid cws-portfolio-posts-grid isotope_init posts-grid-3 standard_filter posts-grid-filter dynamic_content meta-show simple-filter align-center render_styles' data-style='&quot;&quot;' data-col='3'><div class='nav cws-portfolio-nav posts_grid_nav'><div class='filter-list'><div class='filter-item active all'><a href =https:\/\/studio.umiteski.com.tr\/en\/1\/ class='nav_item cws-portfolio-nav-item posts_grid_nav_item' data-nav-val='_all_'><span class='title_nav_portfolio'><span class='txt_title'>All<\/span><\/span><\/a><\/div><div class='filter-item'><a href =https:\/\/studio.umiteski.com.tr\/en\/1\/ class='nav_item cws-portfolio-nav-item posts_grid_nav_item' data-nav-filter='.arayuz-tasarimi' data-nav-val='arayuz-tasarimi'><span class='title_nav_portfolio'><span class='txt_title'>Interface Design<\/span><\/span><\/a><\/div><div class='filter-item'><a href =https:\/\/studio.umiteski.com.tr\/en\/1\/ class='nav_item cws-portfolio-nav-item posts_grid_nav_item' data-nav-filter='.level-design' data-nav-val='level-design'><span class='title_nav_portfolio'><span class='txt_title'>Level Design<\/span><\/span><\/a><\/div><div class='filter-item'><a href =https:\/\/studio.umiteski.com.tr\/en\/1\/ class='nav_item cws-portfolio-nav-item posts_grid_nav_item' data-nav-filter='.oyun-gelistirme' data-nav-val='oyun-gelistirme'><span class='title_nav_portfolio'><span class='txt_title'>Game Development<\/span><\/span><\/a><\/div><div class='filter-item'><a href =https:\/\/studio.umiteski.com.tr\/en\/1\/ class='nav_item cws-portfolio-nav-item posts_grid_nav_item' data-nav-filter='.town-fall-zombie' data-nav-val='town-fall-zombie'><span class='title_nav_portfolio'><span class='txt_title'>Town Fall Zombie<\/span><\/span><\/a><\/div><\/div><\/div><div class='portfolio-module-wrapper cws-vc-shortcode-wrapper layout-masonry' ><div class='cws-vc-shortcode-grid isotope masonry crop'><div class='grid-sizer'><\/div><article id='post-post-69e53703082b4' class='oyun-gelistirme tax-portfolio town-fall-zombie tax-portfolio item portfolio-item-post portfolio-item-grid-post item clearfix'  data-masonry-col='1'  data-masonry-line='1'><div class='item-content'><div class='post-media post-post-media post-posts-grid-post-media'><div class='pic'><img src='https:\/\/studio.umiteski.com.tr\/wp-content\/uploads\/2021\/03\/townfallzombie_017201721_2360.jpg' data-no-retina alt='townfallzombie' \/><\/div><\/div><div class='cws-portfolio-content-wrap'><div class='links-wrap'><a href='https:\/\/studio.umiteski.com.tr\/en\/portfolio\/town-fall-zombie\/' class='links area'><\/a><\/div><div class='desc-img'><h3 class='cws-portfolio-post-title post-title'><a href='https:\/\/studio.umiteski.com.tr\/en\/portfolio\/town-fall-zombie\/'>Town Fall Zombie<\/a><\/h3><div class='cws-portfolio-post-title post-terms'>&#x20;<a href='https:\/\/studio.umiteski.com.tr\/en\/portfolio_cat\/oyun-gelistirme\/'>Game Development<\/a>,&#x20;<a href='https:\/\/studio.umiteski.com.tr\/en\/portfolio_cat\/town-fall-zombie\/'>Town Fall Zombie<\/a><\/div><\/div><\/div><\/div><\/article><article id='post-post-69e537030b5d3' class='oyun-gelistirme tax-portfolio item portfolio-item-post portfolio-item-grid-post item clearfix'  data-masonry-col='1'  data-masonry-line='1'><div class='item-content'><div class='post-media post-post-media post-posts-grid-post-media'><div class='pic'><img src='https:\/\/studio.umiteski.com.tr\/wp-content\/uploads\/2021\/03\/gamedesigner_017201721_2374.jpg' data-at2x='https:\/\/studio.umiteski.com.tr\/wp-content\/uploads\/2021\/03\/gamedesigner_017201721_2374@2x.jpg'  alt='gamedesigner' \/><\/div><\/div><div class='cws-portfolio-content-wrap'><div class='links-wrap'><a href='https:\/\/studio.umiteski.com.tr\/en\/portfolio\/oyun-gelistirme\/' class='links area'><\/a><\/div><div class='desc-img'><h3 class='cws-portfolio-post-title post-title'><a href='https:\/\/studio.umiteski.com.tr\/en\/portfolio\/oyun-gelistirme\/'>Game Development<\/a><\/h3><div class='cws-portfolio-post-title post-terms'>&#x20;<a href='https:\/\/studio.umiteski.com.tr\/en\/portfolio_cat\/oyun-gelistirme\/'>Game Development<\/a><\/div><\/div><\/div><\/div><\/article><article id='post-post-69e537030d3db' class='level-design tax-portfolio item portfolio-item-post portfolio-item-grid-post item clearfix'  data-masonry-col='1'  data-masonry-line='1'><div class='item-content'><div class='post-media post-post-media post-posts-grid-post-media'><div class='pic'><img src='https:\/\/studio.umiteski.com.tr\/wp-content\/uploads\/2021\/03\/leveldesign_017201721_2388.jpg' data-at2x='https:\/\/studio.umiteski.com.tr\/wp-content\/uploads\/2021\/03\/leveldesign_017201721_2388@2x.jpg'  alt='leveldesign' \/><\/div><\/div><div class='cws-portfolio-content-wrap'><div class='links-wrap'><a href='https:\/\/studio.umiteski.com.tr\/en\/portfolio\/level-design\/' class='links area'><\/a><\/div><div class='desc-img'><h3 class='cws-portfolio-post-title post-title'><a href='https:\/\/studio.umiteski.com.tr\/en\/portfolio\/level-design\/'>Level Design<\/a><\/h3><div class='cws-portfolio-post-title post-terms'>&#x20;<a href='https:\/\/studio.umiteski.com.tr\/en\/portfolio_cat\/level-design\/'>Level Design<\/a><\/div><\/div><\/div><\/div><\/article><article id='post-post-69e53703119f2' class='arayuz-tasarimi tax-portfolio town-fall-zombie tax-portfolio item portfolio-item-post portfolio-item-grid-post item clearfix'  data-masonry-col='1'  data-masonry-line='1'><div class='item-content'><div class='post-media post-post-media post-posts-grid-post-media'><div class='pic'><img src='https:\/\/studio.umiteski.com.tr\/wp-content\/uploads\/2021\/03\/townfallzombie2-2_017201721_2453.jpg' data-no-retina alt='townfallzombie2' \/><\/div><\/div><div class='cws-portfolio-content-wrap'><div class='links-wrap'><a href='https:\/\/studio.umiteski.com.tr\/en\/portfolio\/town-fall-zombie-gui\/' class='links area'><\/a><\/div><div class='desc-img'><h3 class='cws-portfolio-post-title post-title'><a href='https:\/\/studio.umiteski.com.tr\/en\/portfolio\/town-fall-zombie-gui\/'>Town Fall Zombie GUI<\/a><\/h3><div class='cws-portfolio-post-title post-terms'>&#x20;<a href='https:\/\/studio.umiteski.com.tr\/en\/portfolio_cat\/arayuz-tasarimi\/'>Interface Design<\/a>,&#x20;<a href='https:\/\/studio.umiteski.com.tr\/en\/portfolio_cat\/town-fall-zombie\/'>Town Fall Zombie<\/a><\/div><\/div><\/div><\/div><\/article><article id='post-post-69e537031a757' class='arayuz-tasarimi tax-portfolio item portfolio-item-post portfolio-item-grid-post item clearfix'  data-masonry-col='1'  data-masonry-line='1'><div class='item-content'><div class='post-media post-post-media post-posts-grid-post-media'><div class='pic'><img src='https:\/\/studio.umiteski.com.tr\/wp-content\/uploads\/2021\/03\/gui_017201721_2398.jpg' data-at2x='https:\/\/studio.umiteski.com.tr\/wp-content\/uploads\/2021\/03\/gui_017201721_2398@2x.jpg'  alt='gui' \/><\/div><\/div><div class='cws-portfolio-content-wrap'><div class='links-wrap'><a href='https:\/\/studio.umiteski.com.tr\/en\/portfolio\/gui-tasarimlari\/' class='links area'><\/a><\/div><div class='desc-img'><h3 class='cws-portfolio-post-title post-title'><a href='https:\/\/studio.umiteski.com.tr\/en\/portfolio\/gui-tasarimlari\/'>GUI Tasar\u0131mlar\u0131<\/a><\/h3><div class='cws-portfolio-post-title post-terms'>&#x20;<a href='https:\/\/studio.umiteski.com.tr\/en\/portfolio_cat\/arayuz-tasarimi\/'>Interface Design<\/a><\/div><\/div><\/div><\/div><\/article><\/div><div  class='cws-loader-holder'><div  class='cws_loader'>\t\t\t\t<svg width='104px' height='104px' xmlns=\"http:\/\/www.w3.org\/2000\/svg\" viewbox=\"0 0 100 100\" preserveaspectratio=\"xMidYMid\" class=\"uil-default\"><rect x=\"0\" y=\"0\" width=\"100\" height=\"100\" fill=\"none\" class=\"bk\"><\/rect><rect  x='46.5' y='40' width='7' height='20' rx='5' ry='5' fill='#000000' transform='rotate(0 50 50) translate(0 -30)'>  <animate attributename='opacity' from='1' to='0' dur='1s' begin='0s' repeatcount='indefinite'\/><\/rect><rect  x='46.5' y='40' width='7' height='20' rx='5' ry='5' fill='#000000' transform='rotate(30 50 50) translate(0 -30)'>  <animate attributename='opacity' from='1' to='0' dur='1s' begin='0.08333333333333333s' repeatcount='indefinite'\/><\/rect><rect  x='46.5' y='40' width='7' height='20' rx='5' ry='5' fill='#000000' transform='rotate(60 50 50) translate(0 -30)'>  <animate attributename='opacity' from='1' to='0' dur='1s' begin='0.16666666666666666s' repeatcount='indefinite'\/><\/rect><rect  x='46.5' y='40' width='7' height='20' rx='5' ry='5' fill='#000000' transform='rotate(90 50 50) translate(0 -30)'>  <animate attributename='opacity' from='1' to='0' dur='1s' begin='0.25s' repeatcount='indefinite'\/><\/rect><rect  x='46.5' y='40' width='7' height='20' rx='5' ry='5' fill='#000000' transform='rotate(120 50 50) translate(0 -30)'>  <animate attributename='opacity' from='1' to='0' dur='1s' begin='0.3333333333333333s' repeatcount='indefinite'\/><\/rect><rect  x='46.5' y='40' width='7' height='20' rx='5' ry='5' fill='#000000' transform='rotate(150 50 50) translate(0 -30)'>  <animate attributename='opacity' from='1' to='0' dur='1s' begin='0.4166666666666667s' repeatcount='indefinite'\/><\/rect><rect  x='46.5' y='40' width='7' height='20' rx='5' ry='5' fill='#000000' transform='rotate(180 50 50) translate(0 -30)'>  <animate attributename='opacity' from='1' to='0' dur='1s' begin='0.5s' repeatcount='indefinite'\/><\/rect><rect  x='46.5' y='40' width='7' height='20' rx='5' ry='5' fill='#000000' transform='rotate(210 50 50) translate(0 -30)'>  <animate attributename='opacity' from='1' to='0' dur='1s' begin='0.5833333333333334s' repeatcount='indefinite'\/><\/rect><rect  x='46.5' y='40' width='7' height='20' rx='5' ry='5' fill='#000000' transform='rotate(240 50 50) translate(0 -30)'>  <animate attributename='opacity' from='1' to='0' dur='1s' begin='0.6666666666666666s' repeatcount='indefinite'\/><\/rect><rect  x='46.5' y='40' width='7' height='20' rx='5' ry='5' fill='#000000' transform='rotate(270 50 50) translate(0 -30)'>  <animate attributename='opacity' from='1' to='0' dur='1s' begin='0.75s' repeatcount='indefinite'\/><\/rect><rect  x='46.5' y='40' width='7' height='20' rx='5' ry='5' fill='#000000' transform='rotate(300 50 50) translate(0 -30)'>  <animate attributename='opacity' from='1' to='0' dur='1s' begin='0.8333333333333334s' repeatcount='indefinite'\/><\/rect><rect  x='46.5' y='40' width='7' height='20' rx='5' ry='5' fill='#000000' transform='rotate(330 50 50) translate(0 -30)'>  <animate attributename='opacity' from='1' to='0' dur='1s' begin='0.9166666666666666s' repeatcount='indefinite'\/><\/rect><\/svg>\n\t\t\t\t<\/div><\/div><\/div><form id='cws-portfolio-posts-grid-69e53702e1674_data' class='posts-grid-data ajax-data-form cws-portfolio-ajax-data-form posts-grid-ajax-data-form' action=\"\"><input type='hidden' id='cws-portfolio-posts-grid-69e53702e1674-ajax-data' class='ajax-data cws-portfolio-ajax-data posts-grid-ajax-data' name='cws-portfolio-posts-grid-69e53702e1674-ajax-data' value='{\"section_id\":\"cws-portfolio-posts-grid-69e53702e1674\",\"post_type\":\"cws_portfolio\",\"cws_portfolio_data_to_show\":[\"title\",\"cats\"],\"link_show\":[\"area_link\"],\"layout\":\"3\",\"display_style\":\"filter\",\"sb_layout\":\"\",\"total_items_count\":6,\"full_width\":\"\",\"items_pp\":6,\"page\":1,\"pagination_grid_text\":\"\",\"max_paged\":1,\"tax\":\"cws_portfolio_cat\",\"terms\":[\"arayuz-tasarimi\",\"level-design\",\"oyun-gelistirme\",\"town-fall-zombie\"],\"filter\":true,\"current_filter_val\":\"_all_\",\"addl_query_args\":[],\"info_pos\":\"inside_img\",\"crop_images\":true,\"masonry\":true,\"item_shadow\":false,\"isotope_line_count\":1,\"isotope_col_count\":1,\"chars_count\":\"\",\"info_align\":\"center\",\"pagination_grid\":\"standard_with_ajax\",\"filter_vals\":{\"arayuz-tasarimi\":\"Aray\\u00fcz Tasar\\u0131m\\u0131\",\"level-design\":\"Level Design\",\"oyun-gelistirme\":\"Oyun Geli\\u015ftirme\",\"town-fall-zombie\":\"Town Fall Zombie\"}}' \/><input type=\"hidden\" name=\"trp-form-language\" value=\"en\"\/><\/form><\/section><\/div><\/div><\/div><\/div><!-- End CWS Column --> <\/div><\/div><!-- End CWS Row -->\n<\/div>","protected":false},"excerpt":{"rendered":"","protected":false},"author":1,"featured_media":2374,"parent":0,"menu_order":0,"comment_status":"closed","ping_status":"closed","template":"","meta":{"_links_to":"","_links_to_target":""},"yoast_head":"<title>Portfolyo - \u00dcmitEski Studio<\/title>\n<meta name=\"description\" content=\"Ba\u011f\u0131ms\u0131z video oyun geli\u015ftirici olarak da bilinen \u00dcmitEski Studio&#039; ya ait portfolyo, oyun ve projeleri sayfam\u0131zda g\u00f6rebilirsiniz.\" \/>\n<link rel=\"canonical\" href=\"https:\/\/studio.umiteski.com.tr\/en\/portfolyo\/\" \/>\n<meta property=\"og:locale\" content=\"en_US\" \/>\n<meta property=\"og:type\" content=\"article\" \/>\n<meta property=\"og:title\" content=\"Portfolyo - \u00dcmitEski Studio - Ba\u011f\u0131ms\u0131z Oyun Geli\u015ftirici\" \/>\n<meta property=\"og:description\" content=\"Ba\u011f\u0131ms\u0131z video oyun geli\u015ftirici olarak da bilinen \u00dcmitEski Studio&#039; ya ait portfolyo, oyun ve projeleri sayfam\u0131zda g\u00f6rebilirsiniz.\" \/>\n<meta property=\"og:url\" content=\"https:\/\/studio.umiteski.com.tr\/en\/portfolyo\/\" \/>\n<meta property=\"og:site_name\" content=\"\u00dcmitEski Studio\" \/>\n<meta property=\"article:modified_time\" content=\"2021-03-24T08:04:56+00:00\" \/>\n<meta property=\"og:image\" content=\"https:\/\/studio.umiteski.com.tr\/wp-content\/uploads\/2021\/03\/gamedesigner.jpg\" \/>\n\t<meta property=\"og:image:width\" content=\"1920\" \/>\n\t<meta property=\"og:image:height\" content=\"1080\" \/>\n<meta name=\"twitter:card\" content=\"summary_large_image\" \/>\n<meta name=\"twitter:title\" content=\"Portfolyo - \u00dcmitEski Studio - Ba\u011f\u0131ms\u0131z Oyun Geli\u015ftirici\" \/>\n<meta name=\"twitter:description\" content=\"Ba\u011f\u0131ms\u0131z video oyun geli\u015ftirici olarak da bilinen \u00dcmitEski Studio&#039; ya ait portfolyo, oyun ve projeleri sayfam\u0131zda g\u00f6rebilirsiniz.\" \/>\n<meta name=\"twitter:image\" content=\"https:\/\/studio.umiteski.com.tr\/wp-content\/uploads\/2021\/03\/gamedesigner.jpg\" \/>\n<script type=\"application\/ld+json\" class=\"yoast-schema-graph\">{\"@context\":\"https:\/\/schema.org\",\"@graph\":[{\"@type\":\"WebSite\",\"@id\":\"https:\/\/studio.umiteski.com.tr\/#website\",\"url\":\"https:\/\/studio.umiteski.com.tr\/\",\"name\":\"\\u00dcmitEski Studio\",\"description\":\"Ba\\u011f\\u0131ms\\u0131z Oyun Geli\\u015ftirici\",\"potentialAction\":[{\"@type\":\"SearchAction\",\"target\":\"https:\/\/studio.umiteski.com.tr\/?s={search_term_string}\",\"query-input\":\"required name=search_term_string\"}],\"inLanguage\":\"en-US\"},{\"@type\":\"ImageObject\",\"@id\":\"https:\/\/studio.umiteski.com.tr\/portfolyo\/#primaryimage\",\"inLanguage\":\"en-US\",\"url\":\"https:\/\/studio.umiteski.com.tr\/wp-content\/uploads\/2021\/03\/gamedesigner.jpg\",\"width\":1920,\"height\":1080,\"caption\":\"gamedesigner\"},{\"@type\":\"WebPage\",\"@id\":\"https:\/\/studio.umiteski.com.tr\/portfolyo\/#webpage\",\"url\":\"https:\/\/studio.umiteski.com.tr\/portfolyo\/\",\"name\":\"Portfolyo - \\u00dcmitEski Studio\",\"isPartOf\":{\"@id\":\"https:\/\/studio.umiteski.com.tr\/#website\"},\"primaryImageOfPage\":{\"@id\":\"https:\/\/studio.umiteski.com.tr\/portfolyo\/#primaryimage\"},\"datePublished\":\"2021-03-12T03:20:07+00:00\",\"dateModified\":\"2021-03-24T08:04:56+00:00\",\"description\":\"Ba\\u011f\\u0131ms\\u0131z video oyun geli\\u015ftirici olarak da bilinen \\u00dcmitEski Studio' ya ait portfolyo, oyun ve projeleri sayfam\\u0131zda g\\u00f6rebilirsiniz.\",\"breadcrumb\":{\"@id\":\"https:\/\/studio.umiteski.com.tr\/portfolyo\/#breadcrumb\"},\"inLanguage\":\"en-US\",\"potentialAction\":[{\"@type\":\"ReadAction\",\"target\":[\"https:\/\/studio.umiteski.com.tr\/portfolyo\/\"]}]},{\"@type\":\"BreadcrumbList\",\"@id\":\"https:\/\/studio.umiteski.com.tr\/portfolyo\/#breadcrumb\",\"itemListElement\":[{\"@type\":\"ListItem\",\"position\":1,\"item\":{\"@type\":\"WebPage\",\"@id\":\"https:\/\/studio.umiteski.com.tr\/\",\"url\":\"https:\/\/studio.umiteski.com.tr\/\",\"name\":\"Anasayfa\"}},{\"@type\":\"ListItem\",\"position\":2,\"item\":{\"@type\":\"WebPage\",\"@id\":\"https:\/\/studio.umiteski.com.tr\/portfolyo\/\",\"url\":\"https:\/\/studio.umiteski.com.tr\/portfolyo\/\",\"name\":\"Portfolyo\"}}]}]}<\/script>","_links":{"self":[{"href":"https:\/\/studio.umiteski.com.tr\/en\/wp-json\/wp\/v2\/pages\/907"}],"collection":[{"href":"https:\/\/studio.umiteski.com.tr\/en\/wp-json\/wp\/v2\/pages"}],"about":[{"href":"https:\/\/studio.umiteski.com.tr\/en\/wp-json\/wp\/v2\/types\/page"}],"author":[{"embeddable":true,"href":"https:\/\/studio.umiteski.com.tr\/en\/wp-json\/wp\/v2\/users\/1"}],"replies":[{"embeddable":true,"href":"https:\/\/studio.umiteski.com.tr\/en\/wp-json\/wp\/v2\/comments?post=907"}],"version-history":[{"count":0,"href":"https:\/\/studio.umiteski.com.tr\/en\/wp-json\/wp\/v2\/pages\/907\/revisions"}],"wp:featuredmedia":[{"embeddable":true,"href":"https:\/\/studio.umiteski.com.tr\/en\/wp-json\/wp\/v2\/media\/2374"}],"wp:attachment":[{"href":"https:\/\/studio.umiteski.com.tr\/en\/wp-json\/wp\/v2\/media?parent=907"}],"curies":[{"name":"wp","href":"https:\/\/api.w.org\/{rel}","templated":true}]}}