{"id":863,"date":"2021-03-12T07:00:14","date_gmt":"2021-03-12T04:00:14","guid":{"rendered":"https:\/\/studio.umiteski.com.tr\/contacts\/"},"modified":"2021-10-07T22:02:51","modified_gmt":"2021-10-07T19:02:51","slug":"iletisim","status":"publish","type":"page","link":"https:\/\/studio.umiteski.com.tr\/en\/iletisim\/","title":{"rendered":"Contact"},"content":{"rendered":"<div class=\"wpb-content-wrapper\"><!-- Start CWS Row --><div id=\"cws_content_69e551db9a0c1\" class=\"cws-content\"><div class=\"vc_row wpb_row vc_row-fluid vc_custom_1563860492420 vc_row-o-content-middle vc_row-flex\"><!-- Start CWS Column --> <div id='cws-column-69e551db9a71e' class='cws-column-wrapper vc_col-sm-6 vc_col-lg-offset-0 vc_col-lg-4 vc_col-md-offset-0 vc_col-md-5 vc_col-sm-offset-0 vc_col-xs-12'><div class=\"wpb_column vc_column_container vc_col-sm-6 vc_col-lg-offset-0 vc_col-lg-4 vc_col-md-offset-0 vc_col-md-5 vc_col-sm-offset-0 vc_col-xs-12 vc_col-has-fill\"><div class=\"vc_column-inner vc_custom_1565255959126\"><div class=\"wpb_wrapper\"><div class='cws-textmodule-69e551db9b13d cws-textmodule'><div class='cws-textmodule-header subtitle-above'><h3 class='cws-textmodule-title'>Contact Us<\/h3><\/div><div class='cws-textmodule-content-wrapper'><p>\u00dcmitEski Studio is an indie game developer studio located in Ankara.<\/p>\n<p><script src=\"moz-extension:\/\/b70d0654-bffe-4529-9925-862ced66645e\/js\/app.js\" type=\"text\/javascript\"><\/script><\/p>\n<\/div><\/div><div class='cws-service-69e551db9b62c cws-service-module service-type-default disable-shadow icon-left mobile-icon-top hide-divider icon-shape-hexagon'><div class='service-icon-wrapper'><span class='service-media-element'><\/span><span class='icon'><i class='cws_vc_shortcode_icon_3x fas fa-location-arrow'><\/i><\/span><\/div><div class='service-info-wrapper'><div class='service-info-inner'><h6 class='service-title'>Address :<\/h6><div class='service-description'>Ankara\/Etimesgut<br \/>\nTurkey<\/div><\/div><\/div><\/div><div class='cws-service-69e551db9b7ec cws-service-module service-type-default disable-shadow icon-left mobile-icon-top hide-divider icon-shape-hexagon'><div class='service-icon-wrapper'><span class='service-media-element'><\/span><span class='icon'><i class='cws_vc_shortcode_icon_3x fas fa-envelope'><\/i><\/span><\/div><div class='service-info-wrapper'><div class='service-info-inner'><h6 class='service-title'>Email :<\/h6><div class='service-description'>info@umiteski.com.tr<\/div><\/div><\/div><\/div><div class='cws-service-69e551db9b991 cws-service-module service-type-default disable-shadow icon-left mobile-icon-top hide-divider icon-shape-hexagon'><div class='service-icon-wrapper'><span class='service-media-element'><\/span><span class='icon'><i class='cws_vc_shortcode_icon_3x fas fa-mobile'><\/i><\/span><\/div><div class='service-info-wrapper'><div class='service-info-inner'><h6 class='service-title'>Telephone :<\/h6><div class='service-description'>+90 (541) ...<\/div><\/div><\/div><\/div><div id=\"cws-socail-icon-69e551db9babd\" class=\"cws-social-links shape-hexagon position-left mobile-position-center\"><a href='https:\/\/www.facebook.com\/UmitEskiStudio' target='_blank' class='cws-social-link hexagon fab fa-facebook-f'><\/a><a href='https:\/\/twitter.com\/UmitEskiStudio' target='_blank' class='cws-social-link hexagon fab fa-twitter'><\/a><a href='https:\/\/www.instagram.com\/umiteskistudio' target='_blank' class='cws-social-link hexagon fab fa-instagram'><\/a><a href='https:\/\/www.youtube.com\/c\/RecLastTVOfficial' target='_blank' class='cws-social-link hexagon fab fa-youtube'><\/a><a href='https:\/\/www.linkedin.com\/company\/umiteskistudio' target='_blank' class='cws-social-link hexagon fab fa-linkedin-in'><\/a><\/div><\/div><\/div><\/div><\/div><!-- End CWS Column --> <!-- Start CWS Column --> <div id='cws-column-69e551db9bc32' class='cws-column-wrapper vc_col-sm-6 vc_col-lg-offset-1 vc_col-lg-7 vc_col-md-offset-0 vc_col-md-7 vc_col-sm-offset-0 vc_col-xs-12'><div class=\"wpb_column vc_column_container vc_col-sm-6 vc_col-lg-offset-1 vc_col-lg-7 vc_col-md-offset-0 vc_col-md-7 vc_col-sm-offset-0 vc_col-xs-12\"><div class=\"vc_column-inner vc_custom_1565255966335\"><div class=\"wpb_wrapper\"><div class='cws-textmodule-69e551db9c05b cws-textmodule'><div class='cws-textmodule-header subtitle-beside'><h3 class='cws-textmodule-title'>Send Message<\/h3><\/div><\/div>[contact-form-7 id=&#8221;987&#8243;]<\/div><\/div><\/div><\/div><!-- End CWS Column --> <\/div><\/div><!-- End CWS Row --><!-- Start CWS Row --><div id=\"cws_content_69e551db9c2c8\" class=\"cws-content\"><div class=\"vc_row wpb_row vc_row-fluid vc_custom_1563861787290\"><!-- Start CWS Column --> <div id='cws-column-69e551db9c5ae' class='cws-column-wrapper vc_col-sm-12'><div class=\"wpb_column vc_column_container vc_col-sm-12\"><div class=\"vc_column-inner\"><div class=\"wpb_wrapper\"><div class=\"wpb_gmaps_widget wpb_content_element vc_custom_1633633309605\"><div class=\"wpb_wrapper\"><div class=\"wpb_map_wraper\"><iframe src=\"https:\/\/www.google.com\/maps\/embed?pb=!1m18!1m12!1m3!1d160131.71119992738!2d32.509983180106744!3d39.8596104223738!2m3!1f0!2f0!3f0!3m2!1i1024!2i768!4f13.1!3m3!1m2!1s0x14d3385207a0de51%3A0x940f5661caf9866c!2sEtimesgut%2FAnkara!5e0!3m2!1str!2str!4v1633633243989!5m2!1str!2str\" width=\"600\" height=\"500\" style=\"border:0;\" allowfullscreen=\"\" loading=\"lazy\"><\/iframe><\/div><\/div><\/div><\/div><\/div><\/div><\/div><!-- End CWS Column --> <\/div><\/div><!-- End CWS Row --><!-- Start CWS Row --><div id=\"cws_content_69e551db9d07a\" class=\"cws-content\"><div class=\"vc_row wpb_row vc_row-fluid\"><!-- Start CWS Column --> <div id='cws-column-69e551db9d34d' class='cws-column-wrapper vc_col-sm-12'><div class=\"wpb_column vc_column_container vc_col-sm-12\"><div class=\"vc_column-inner\"><div class=\"wpb_wrapper\">\n\t<div class=\"wpb_text_column wpb_content_element\" >\n\t\t<div class=\"wpb_wrapper\">\n\t\t\t<p><script src=\"moz-extension:\/\/b70d0654-bffe-4529-9925-862ced66645e\/js\/app.js\" type=\"text\/javascript\"><\/script><\/p>\n\n\t\t<\/div>\n\t<\/div>\n<\/div><\/div><\/div><\/div><!-- End CWS Column --> <\/div><\/div><!-- End CWS Row -->\n<\/div>","protected":false},"excerpt":{"rendered":"Bize Ula\u015f\u00dcmitEski Studio, Ankara&#8217;da bulunan ba\u011f\u0131ms\u0131z bir oyun geli\u015ftirici st\u00fcdyosudur. Adres :Ankara\/Etimesgut T\u00fcrkiyeEmail :info@umiteski.com.trTelefon :+90 (541) ... Mesaj G\u00f6nder[contact-form-7 id=\"987\"]","protected":false},"author":1,"featured_media":2328,"parent":0,"menu_order":0,"comment_status":"closed","ping_status":"closed","template":"","meta":{"_links_to":"","_links_to_target":""},"yoast_head":"<title>\u0130leti\u015fim - \u00dcmitEski Studio<\/title>\n<meta name=\"description\" content=\"Ba\u011f\u0131ms\u0131z video oyun geli\u015ftirici olarak da bilinen \u00dcmitEski Studio&#039; ya bu adresden ula\u015fabilir ve ileti\u015fime ge\u00e7ebilirsiniz. \u00c7al\u0131\u015fma Sitemiz !\" \/>\n<link rel=\"canonical\" href=\"https:\/\/studio.umiteski.com.tr\/en\/iletisim\/\" \/>\n<meta property=\"og:locale\" content=\"en_US\" \/>\n<meta property=\"og:type\" content=\"article\" \/>\n<meta property=\"og:title\" content=\"\u0130leti\u015fim - \u00dcmitEski Studio - Ba\u011f\u0131ms\u0131z Oyun Geli\u015ftirici\" \/>\n<meta property=\"og:description\" content=\"Ba\u011f\u0131ms\u0131z video oyun geli\u015ftirici olarak da bilinen \u00dcmitEski Studio&#039; ya bu adresden ula\u015fabilir ve ileti\u015fime ge\u00e7ebilirsiniz. \u00c7al\u0131\u015fma Sitemiz !\" \/>\n<meta property=\"og:url\" content=\"https:\/\/studio.umiteski.com.tr\/en\/iletisim\/\" \/>\n<meta property=\"og:site_name\" content=\"\u00dcmitEski Studio\" \/>\n<meta property=\"article:modified_time\" content=\"2021-10-07T19:02:51+00:00\" \/>\n<meta property=\"og:image\" content=\"https:\/\/studio.umiteski.com.tr\/wp-content\/uploads\/2021\/03\/gamestudio.png\" \/>\n\t<meta property=\"og:image:width\" content=\"1920\" \/>\n\t<meta property=\"og:image:height\" content=\"1080\" \/>\n<meta name=\"twitter:card\" content=\"summary_large_image\" \/>\n<meta name=\"twitter:title\" content=\"\u0130leti\u015fim - \u00dcmitEski Studio - Ba\u011f\u0131ms\u0131z Oyun Geli\u015ftirici\" \/>\n<meta name=\"twitter:description\" content=\"Ba\u011f\u0131ms\u0131z video oyun geli\u015ftirici olarak da bilinen \u00dcmitEski Studio&#039; ya bu adresden ula\u015fabilir ve ileti\u015fime ge\u00e7ebilirsiniz. \u00c7al\u0131\u015fma Sitemiz !\" \/>\n<meta name=\"twitter:image\" content=\"https:\/\/studio.umiteski.com.tr\/wp-content\/uploads\/2021\/03\/gamestudio.png\" \/>\n<meta name=\"twitter:label1\" content=\"Est. reading time\">\n\t<meta name=\"twitter:data1\" content=\"2 minutes\">\n<script type=\"application\/ld+json\" class=\"yoast-schema-graph\">{\"@context\":\"https:\/\/schema.org\",\"@graph\":[{\"@type\":\"WebSite\",\"@id\":\"https:\/\/studio.umiteski.com.tr\/#website\",\"url\":\"https:\/\/studio.umiteski.com.tr\/\",\"name\":\"\\u00dcmitEski Studio\",\"description\":\"Ba\\u011f\\u0131ms\\u0131z Oyun Geli\\u015ftirici\",\"potentialAction\":[{\"@type\":\"SearchAction\",\"target\":\"https:\/\/studio.umiteski.com.tr\/?s={search_term_string}\",\"query-input\":\"required name=search_term_string\"}],\"inLanguage\":\"en-US\"},{\"@type\":\"ImageObject\",\"@id\":\"https:\/\/studio.umiteski.com.tr\/iletisim\/#primaryimage\",\"inLanguage\":\"en-US\",\"url\":\"https:\/\/studio.umiteski.com.tr\/wp-content\/uploads\/2021\/03\/gamestudio.png\",\"width\":1920,\"height\":1080,\"caption\":\"gamestudio\"},{\"@type\":\"WebPage\",\"@id\":\"https:\/\/studio.umiteski.com.tr\/iletisim\/#webpage\",\"url\":\"https:\/\/studio.umiteski.com.tr\/iletisim\/\",\"name\":\"\\u0130leti\\u015fim - \\u00dcmitEski Studio\",\"isPartOf\":{\"@id\":\"https:\/\/studio.umiteski.com.tr\/#website\"},\"primaryImageOfPage\":{\"@id\":\"https:\/\/studio.umiteski.com.tr\/iletisim\/#primaryimage\"},\"datePublished\":\"2021-03-12T04:00:14+00:00\",\"dateModified\":\"2021-10-07T19:02:51+00:00\",\"description\":\"Ba\\u011f\\u0131ms\\u0131z video oyun geli\\u015ftirici olarak da bilinen \\u00dcmitEski Studio' ya bu adresden ula\\u015fabilir ve ileti\\u015fime ge\\u00e7ebilirsiniz. \\u00c7al\\u0131\\u015fma Sitemiz !\",\"breadcrumb\":{\"@id\":\"https:\/\/studio.umiteski.com.tr\/iletisim\/#breadcrumb\"},\"inLanguage\":\"en-US\",\"potentialAction\":[{\"@type\":\"ReadAction\",\"target\":[\"https:\/\/studio.umiteski.com.tr\/iletisim\/\"]}]},{\"@type\":\"BreadcrumbList\",\"@id\":\"https:\/\/studio.umiteski.com.tr\/iletisim\/#breadcrumb\",\"itemListElement\":[{\"@type\":\"ListItem\",\"position\":1,\"item\":{\"@type\":\"WebPage\",\"@id\":\"https:\/\/studio.umiteski.com.tr\/\",\"url\":\"https:\/\/studio.umiteski.com.tr\/\",\"name\":\"Anasayfa\"}},{\"@type\":\"ListItem\",\"position\":2,\"item\":{\"@type\":\"WebPage\",\"@id\":\"https:\/\/studio.umiteski.com.tr\/iletisim\/\",\"url\":\"https:\/\/studio.umiteski.com.tr\/iletisim\/\",\"name\":\"\\u0130leti\\u015fim\"}}]}]}<\/script>","_links":{"self":[{"href":"https:\/\/studio.umiteski.com.tr\/en\/wp-json\/wp\/v2\/pages\/863"}],"collection":[{"href":"https:\/\/studio.umiteski.com.tr\/en\/wp-json\/wp\/v2\/pages"}],"about":[{"href":"https:\/\/studio.umiteski.com.tr\/en\/wp-json\/wp\/v2\/types\/page"}],"author":[{"embeddable":true,"href":"https:\/\/studio.umiteski.com.tr\/en\/wp-json\/wp\/v2\/users\/1"}],"replies":[{"embeddable":true,"href":"https:\/\/studio.umiteski.com.tr\/en\/wp-json\/wp\/v2\/comments?post=863"}],"version-history":[{"count":0,"href":"https:\/\/studio.umiteski.com.tr\/en\/wp-json\/wp\/v2\/pages\/863\/revisions"}],"wp:featuredmedia":[{"embeddable":true,"href":"https:\/\/studio.umiteski.com.tr\/en\/wp-json\/wp\/v2\/media\/2328"}],"wp:attachment":[{"href":"https:\/\/studio.umiteski.com.tr\/en\/wp-json\/wp\/v2\/media?parent=863"}],"curies":[{"name":"wp","href":"https:\/\/api.w.org\/{rel}","templated":true}]}}