{"id":626,"date":"2021-03-12T07:00:23","date_gmt":"2021-03-12T04:00:23","guid":{"rendered":"https:\/\/studio.umiteski.com.tr\/blog-checkerboard\/"},"modified":"2021-03-24T11:24:21","modified_gmt":"2021-03-24T08:24:21","slug":"blog","status":"publish","type":"page","link":"https:\/\/studio.umiteski.com.tr\/en\/blog\/","title":{"rendered":"Blog"},"content":{"rendered":"<div class=\"wpb-content-wrapper\"><!-- Start CWS Row --><div id=\"cws_content_69e5370340c53\" class=\"cws-content\"><div class=\"vc_row wpb_row vc_row-fluid\"><!-- Start CWS Column --> <div id='cws-column-69e537034122b' class='cws-column-wrapper vc_col-sm-12'><div class=\"wpb_column vc_column_container vc_col-sm-12\"><div class=\"vc_column-inner\"><div class=\"wpb_wrapper\"><section id='blog-69e53703418be' class='clearfix news posts-grid layout-checkerboard content-bottom'><div class='cws-vc-shortcode-wrapper'><div class='cws-vc-shortcode-grid grid layout-checkerboard'><article id='blog-post-69e53703431f3' class=\"item post-item  post-2481 post type-post status-publish format-standard has-post-thumbnail hentry category-haberler category-hikaye tag-acildi tag-sitesi tag-studio tag-umiteski\"><div class='post-wrapper'><div class='post-media post-grid-media'><a href='https:\/\/studio.umiteski.com.tr\/en\/haberler\/umiteski-sitesi-acildi\/' class='pic'><img src='https:\/\/studio.umiteski.com.tr\/wp-content\/uploads\/2019\/07\/post_01-2.jpg' srcset='https:\/\/studio.umiteski.com.tr\/wp-content\/uploads\/2019\/07\/post_01-2.jpg 1920w, https:\/\/studio.umiteski.com.tr\/wp-content\/uploads\/2019\/07\/post_01-2-300x169.jpg 300w, https:\/\/studio.umiteski.com.tr\/wp-content\/uploads\/2019\/07\/post_01-2-1024x576.jpg 1024w, https:\/\/studio.umiteski.com.tr\/wp-content\/uploads\/2019\/07\/post_01-2-768x432.jpg 768w, https:\/\/studio.umiteski.com.tr\/wp-content\/uploads\/2019\/07\/post_01-2-1536x864.jpg 1536w' sizes='(max-width: 767px) 100vw, 50vw' alt='umiteski'\/><\/a><\/div><div class='post-info'><div class=\"post-info-header\"><div class='post-meta-item post-category'><a href=\"https:\/\/studio.umiteski.com.tr\/en\/Kategori\/haberler\/\" rel=\"category tag\">News<\/a>, <a href=\"https:\/\/studio.umiteski.com.tr\/en\/Kategori\/hikaye\/\" rel=\"category tag\">Story<\/a><\/div><div class=\"post-info-header-divider\"><\/div><div class='post-meta-item post-likes'><span class=\"sl-wrapper\"><a href=\"https:\/\/studio.umiteski.com.tr\/wp-admin\/admin-ajax.php?action=cws_vc_shortcode_process_simple_like&post_id=2481&nonce=1b16ba2b71&is_comment=0&disabled=true\" class=\"sl-button sl-button-2481 liked\" data-nonce=\"1b16ba2b71\" data-post-id=\"2481\" data-iscomment=\"0\" title=\"Unlike\"><span class=\"sl-icon unliked\"><\/span><span class=\"sl-count\">11<\/span><\/a><span class=\"sl-loader\"><\/span><\/span><\/div><\/div><h3 class='post-title'><a href='https:\/\/studio.umiteski.com.tr\/en\/haberler\/umiteski-sitesi-acildi\/'>UmitEski Site Opened!<\/a><\/h3><div class='post-content'><p>UmitEski, website was established in March 2021. Our main goal is to make creative and fun games.<\/p>\n<\/div><div class='post-info-footer'><div class='post-meta-wrapper'><div class='post-meta'><div class='post-meta-item post-author'><span class='post-author-avatar'><a href='https:\/\/studio.umiteski.com.tr\/en\/author\/reclast\/'><img alt='' src='https:\/\/secure.gravatar.com\/avatar\/7047c551dfff45e46f08353b8daae6be?s=35&#038;r=g' srcset='https:\/\/secure.gravatar.com\/avatar\/7047c551dfff45e46f08353b8daae6be?s=70&#038;r=g 2x' class='avatar avatar-35 photo' height='35' width='35' loading='lazy'\/><\/a><\/span><span class='post-author-name'><a href=\"https:\/\/studio.umiteski.com.tr\/en\/author\/reclast\/\" title=\"Posts by \u00dcmit Eski\" rel=\"author\">\u00dcmit Eski<\/a><\/span><\/div><div class='post-meta-item post-date'><a href='https:\/\/studio.umiteski.com.tr\/en\/2021\/03\/'>13 March 2021<\/a><\/div><div class='post-meta-item post-tags'><a href=\"https:\/\/studio.umiteski.com.tr\/en\/Etiket\/acildi\/\" rel=\"tag\">a\u00e7\u0131ld\u0131<\/a>, <a href=\"https:\/\/studio.umiteski.com.tr\/en\/Etiket\/sitesi\/\" rel=\"tag\">sitesi<\/a>, <a href=\"https:\/\/studio.umiteski.com.tr\/en\/Etiket\/studio\/\" rel=\"tag\">studio<\/a>, <a href=\"https:\/\/studio.umiteski.com.tr\/en\/Etiket\/umiteski\/\" rel=\"tag\">umiteski<\/a><\/div><\/div><div class=\"post-info-footer-divider\"><\/div><\/div><div class='read-more-wrapper'><a href='https:\/\/studio.umiteski.com.tr\/en\/haberler\/umiteski-sitesi-acildi\/' class='read-more'>More<\/a><\/div><\/div><\/div><\/div><\/article><article id='blog-post-69e5370346662' class=\"item post-item  post-2501 post type-post status-publish format-standard has-post-thumbnail hentry category-oyunlar tag-oyun tag-reclast tag-studio tag-town-fall-zombie tag-umiteski\"><div class='post-wrapper'><div class='post-media post-grid-media'><a href='https:\/\/studio.umiteski.com.tr\/en\/oyunlar\/town-fall-zombie\/' class='pic'><img src='https:\/\/studio.umiteski.com.tr\/wp-content\/uploads\/2021\/03\/townfallzombie.jpg' srcset='https:\/\/studio.umiteski.com.tr\/wp-content\/uploads\/2021\/03\/townfallzombie.jpg 960w, https:\/\/studio.umiteski.com.tr\/wp-content\/uploads\/2021\/03\/townfallzombie-300x169.jpg 300w, https:\/\/studio.umiteski.com.tr\/wp-content\/uploads\/2021\/03\/townfallzombie-768x432.jpg 768w' sizes='(max-width: 767px) 100vw, 50vw' alt='townfallzombie'\/><\/a><\/div><div class='post-info'><div class=\"post-info-header\"><div class='post-meta-item post-category'><a href=\"https:\/\/studio.umiteski.com.tr\/en\/Kategori\/oyunlar\/\" rel=\"category tag\">Games<\/a><\/div><div class=\"post-info-header-divider\"><\/div><div class='post-meta-item post-likes'><span class=\"sl-wrapper\"><a href=\"https:\/\/studio.umiteski.com.tr\/wp-admin\/admin-ajax.php?action=cws_vc_shortcode_process_simple_like&post_id=2501&nonce=1b16ba2b71&is_comment=0&disabled=true\" class=\"sl-button sl-button-2501 liked\" data-nonce=\"1b16ba2b71\" data-post-id=\"2501\" data-iscomment=\"0\" title=\"Unlike\"><span class=\"sl-icon unliked\"><\/span><span class=\"sl-count\">7<\/span><\/a><span class=\"sl-loader\"><\/span><\/span><\/div><\/div><h3 class='post-title'><a href='https:\/\/studio.umiteski.com.tr\/en\/oyunlar\/town-fall-zombie\/'>Town Fall Zombie<\/a><\/h3><div class='post-content'><p>Town Fall Zombie is an Open world zombie simulation game. We control the Zombie in the game.<\/p>\n<\/div><div class='post-info-footer'><div class='post-meta-wrapper'><div class='post-meta'><div class='post-meta-item post-author'><span class='post-author-avatar'><a href='https:\/\/studio.umiteski.com.tr\/en\/author\/reclast\/'><img alt='' src='https:\/\/secure.gravatar.com\/avatar\/7047c551dfff45e46f08353b8daae6be?s=35&#038;r=g' srcset='https:\/\/secure.gravatar.com\/avatar\/7047c551dfff45e46f08353b8daae6be?s=70&#038;r=g 2x' class='avatar avatar-35 photo' height='35' width='35' loading='lazy'\/><\/a><\/span><span class='post-author-name'><a href=\"https:\/\/studio.umiteski.com.tr\/en\/author\/reclast\/\" title=\"Posts by \u00dcmit Eski\" rel=\"author\">\u00dcmit Eski<\/a><\/span><\/div><div class='post-meta-item post-date'><a href='https:\/\/studio.umiteski.com.tr\/en\/2020\/11\/'>10 November 2020<\/a><\/div><div class='post-meta-item post-tags'><a href=\"https:\/\/studio.umiteski.com.tr\/en\/Etiket\/oyun\/\" rel=\"tag\">oyun<\/a>, <a href=\"https:\/\/studio.umiteski.com.tr\/en\/Etiket\/reclast\/\" rel=\"tag\">reclast<\/a>, <a href=\"https:\/\/studio.umiteski.com.tr\/en\/Etiket\/studio\/\" rel=\"tag\">studio<\/a>, <a href=\"https:\/\/studio.umiteski.com.tr\/en\/Etiket\/town-fall-zombie\/\" rel=\"tag\">town fall zombie<\/a>, <a href=\"https:\/\/studio.umiteski.com.tr\/en\/Etiket\/umiteski\/\" rel=\"tag\">umiteski<\/a><\/div><\/div><div class=\"post-info-footer-divider\"><\/div><\/div><div class='read-more-wrapper'><a href='https:\/\/studio.umiteski.com.tr\/en\/oyunlar\/town-fall-zombie\/' class='read-more'>More<\/a><\/div><\/div><\/div><\/div><\/article><article id='blog-post-69e5370348c2f' class=\"item post-item  post-2474 post type-post status-publish format-standard has-post-thumbnail hentry category-haberler category-hikaye tag-oyun tag-reclast tag-studio tag-town-fall-zombie tag-umiteski\"><div class='post-wrapper'><div class='post-media post-grid-media'><a href='https:\/\/studio.umiteski.com.tr\/en\/haberler\/town-fall-zombie-cikti\/' class='pic'><img src='https:\/\/studio.umiteski.com.tr\/wp-content\/uploads\/2021\/03\/townfallzombie.jpg' srcset='https:\/\/studio.umiteski.com.tr\/wp-content\/uploads\/2021\/03\/townfallzombie.jpg 960w, https:\/\/studio.umiteski.com.tr\/wp-content\/uploads\/2021\/03\/townfallzombie-300x169.jpg 300w, https:\/\/studio.umiteski.com.tr\/wp-content\/uploads\/2021\/03\/townfallzombie-768x432.jpg 768w' sizes='(max-width: 767px) 100vw, 50vw' alt='townfallzombie'\/><\/a><\/div><div class='post-info'><div class=\"post-info-header\"><div class='post-meta-item post-category'><a href=\"https:\/\/studio.umiteski.com.tr\/en\/Kategori\/haberler\/\" rel=\"category tag\">News<\/a>, <a href=\"https:\/\/studio.umiteski.com.tr\/en\/Kategori\/hikaye\/\" rel=\"category tag\">Story<\/a><\/div><div class=\"post-info-header-divider\"><\/div><div class='post-meta-item post-likes'><span class=\"sl-wrapper\"><a href=\"https:\/\/studio.umiteski.com.tr\/wp-admin\/admin-ajax.php?action=cws_vc_shortcode_process_simple_like&post_id=2474&nonce=1b16ba2b71&is_comment=0&disabled=true\" class=\"sl-button sl-button-2474\" data-nonce=\"1b16ba2b71\" data-post-id=\"2474\" data-iscomment=\"0\" title=\"Like\"><span class=\"sl-icon liked\"><\/span><span class=\"sl-count\">4<\/span><\/a><span class=\"sl-loader\"><\/span><\/span><\/div><\/div><h3 class='post-title'><a href='https:\/\/studio.umiteski.com.tr\/en\/haberler\/town-fall-zombie-cikti\/'>Town Fall Zombie \u00c7\u0131kt\u0131 !<\/a><\/h3><div class='post-content'><p>Town Fall Zombie is an Open world zombie simulation game. You will have a fun time ^^<\/p>\n<\/div><div class='post-info-footer'><div class='post-meta-wrapper'><div class='post-meta'><div class='post-meta-item post-author'><span class='post-author-avatar'><a href='https:\/\/studio.umiteski.com.tr\/en\/author\/reclast\/'><img alt='' src='https:\/\/secure.gravatar.com\/avatar\/7047c551dfff45e46f08353b8daae6be?s=35&#038;r=g' srcset='https:\/\/secure.gravatar.com\/avatar\/7047c551dfff45e46f08353b8daae6be?s=70&#038;r=g 2x' class='avatar avatar-35 photo' height='35' width='35' loading='lazy'\/><\/a><\/span><span class='post-author-name'><a href=\"https:\/\/studio.umiteski.com.tr\/en\/author\/reclast\/\" title=\"Posts by \u00dcmit Eski\" rel=\"author\">\u00dcmit Eski<\/a><\/span><\/div><div class='post-meta-item post-date'><a href='https:\/\/studio.umiteski.com.tr\/en\/2020\/11\/'>5 November 2020<\/a><\/div><div class='post-meta-item post-tags'><a href=\"https:\/\/studio.umiteski.com.tr\/en\/Etiket\/oyun\/\" rel=\"tag\">oyun<\/a>, <a href=\"https:\/\/studio.umiteski.com.tr\/en\/Etiket\/reclast\/\" rel=\"tag\">reclast<\/a>, <a href=\"https:\/\/studio.umiteski.com.tr\/en\/Etiket\/studio\/\" rel=\"tag\">studio<\/a>, <a href=\"https:\/\/studio.umiteski.com.tr\/en\/Etiket\/town-fall-zombie\/\" rel=\"tag\">town fall zombie<\/a>, <a href=\"https:\/\/studio.umiteski.com.tr\/en\/Etiket\/umiteski\/\" rel=\"tag\">umiteski<\/a><\/div><\/div><div class=\"post-info-footer-divider\"><\/div><\/div><div class='read-more-wrapper'><a href='https:\/\/studio.umiteski.com.tr\/en\/haberler\/town-fall-zombie-cikti\/' class='read-more'>More<\/a><\/div><\/div><\/div><\/div><\/article><article id='blog-post-69e537034d8a8' class=\"item post-item  post-2469 post type-post status-publish format-standard has-post-thumbnail hentry category-haberler category-hikaye tag-mini tag-mobil tag-oyunlar tag-reclast tag-studio tag-umiteski\"><div class='post-wrapper'><div class='post-media post-grid-media'><a href='https:\/\/studio.umiteski.com.tr\/en\/haberler\/mini-mobil-oyunlar\/' class='pic'><img src='https:\/\/studio.umiteski.com.tr\/wp-content\/uploads\/2021\/03\/gamedesigner.jpg' srcset='https:\/\/studio.umiteski.com.tr\/wp-content\/uploads\/2021\/03\/gamedesigner.jpg 1920w, https:\/\/studio.umiteski.com.tr\/wp-content\/uploads\/2021\/03\/gamedesigner-300x169.jpg 300w, https:\/\/studio.umiteski.com.tr\/wp-content\/uploads\/2021\/03\/gamedesigner-1024x576.jpg 1024w, https:\/\/studio.umiteski.com.tr\/wp-content\/uploads\/2021\/03\/gamedesigner-768x432.jpg 768w, https:\/\/studio.umiteski.com.tr\/wp-content\/uploads\/2021\/03\/gamedesigner-1536x864.jpg 1536w' sizes='(max-width: 767px) 100vw, 50vw' alt='gamedesigner'\/><\/a><\/div><div class='post-info'><div class=\"post-info-header\"><div class='post-meta-item post-category'><a href=\"https:\/\/studio.umiteski.com.tr\/en\/Kategori\/haberler\/\" rel=\"category tag\">News<\/a>, <a href=\"https:\/\/studio.umiteski.com.tr\/en\/Kategori\/hikaye\/\" rel=\"category tag\">Story<\/a><\/div><div class=\"post-info-header-divider\"><\/div><div class='post-meta-item post-likes'><span class=\"sl-wrapper\"><a href=\"https:\/\/studio.umiteski.com.tr\/wp-admin\/admin-ajax.php?action=cws_vc_shortcode_process_simple_like&post_id=2469&nonce=1b16ba2b71&is_comment=0&disabled=true\" class=\"sl-button sl-button-2469 liked\" data-nonce=\"1b16ba2b71\" data-post-id=\"2469\" data-iscomment=\"0\" title=\"Unlike\"><span class=\"sl-icon unliked\"><\/span><span class=\"sl-count\">10<\/span><\/a><span class=\"sl-loader\"><\/span><\/span><\/div><\/div><h3 class='post-title'><a href='https:\/\/studio.umiteski.com.tr\/en\/haberler\/mini-mobil-oyunlar\/'>Mini Mobil Oyunlar<\/a><\/h3><div class='post-content'><p>We have developed many projects and games so far. We continue to develop the games of our dreams.<\/p>\n<\/div><div class='post-info-footer'><div class='post-meta-wrapper'><div class='post-meta'><div class='post-meta-item post-author'><span class='post-author-avatar'><a href='https:\/\/studio.umiteski.com.tr\/en\/author\/reclast\/'><img alt='' src='https:\/\/secure.gravatar.com\/avatar\/7047c551dfff45e46f08353b8daae6be?s=35&#038;r=g' srcset='https:\/\/secure.gravatar.com\/avatar\/7047c551dfff45e46f08353b8daae6be?s=70&#038;r=g 2x' class='avatar avatar-35 photo' height='35' width='35' loading='lazy'\/><\/a><\/span><span class='post-author-name'><a href=\"https:\/\/studio.umiteski.com.tr\/en\/author\/reclast\/\" title=\"Posts by \u00dcmit Eski\" rel=\"author\">\u00dcmit Eski<\/a><\/span><\/div><div class='post-meta-item post-date'><a href='https:\/\/studio.umiteski.com.tr\/en\/2020\/05\/'>15 May 2020<\/a><\/div><div class='post-meta-item post-tags'><a href=\"https:\/\/studio.umiteski.com.tr\/en\/Etiket\/mini\/\" rel=\"tag\">mini<\/a>, <a href=\"https:\/\/studio.umiteski.com.tr\/en\/Etiket\/mobil\/\" rel=\"tag\">mobil<\/a>, <a href=\"https:\/\/studio.umiteski.com.tr\/en\/Etiket\/oyunlar\/\" rel=\"tag\">oyunlar<\/a>, <a href=\"https:\/\/studio.umiteski.com.tr\/en\/Etiket\/reclast\/\" rel=\"tag\">reclast<\/a>, <a href=\"https:\/\/studio.umiteski.com.tr\/en\/Etiket\/studio\/\" rel=\"tag\">studio<\/a>, <a href=\"https:\/\/studio.umiteski.com.tr\/en\/Etiket\/umiteski\/\" rel=\"tag\">umiteski<\/a><\/div><\/div><div class=\"post-info-footer-divider\"><\/div><\/div><div class='read-more-wrapper'><a href='https:\/\/studio.umiteski.com.tr\/en\/haberler\/mini-mobil-oyunlar\/' class='read-more'>More<\/a><\/div><\/div><\/div><\/div><\/article><article id='blog-post-69e53703506d0' class=\"item post-item  post-2326 post type-post status-publish format-standard has-post-thumbnail hentry category-haberler category-hikaye tag-acildi tag-studio tag-umiteski\"><div class='post-wrapper'><div class='post-media post-grid-media'><a href='https:\/\/studio.umiteski.com.tr\/en\/haberler\/umiteski-studio-kuruldu\/' class='pic'><img src='https:\/\/studio.umiteski.com.tr\/wp-content\/uploads\/2021\/03\/gamestudio.png' srcset='https:\/\/studio.umiteski.com.tr\/wp-content\/uploads\/2021\/03\/gamestudio.png 1920w, https:\/\/studio.umiteski.com.tr\/wp-content\/uploads\/2021\/03\/gamestudio-300x169.png 300w, https:\/\/studio.umiteski.com.tr\/wp-content\/uploads\/2021\/03\/gamestudio-1024x576.png 1024w, https:\/\/studio.umiteski.com.tr\/wp-content\/uploads\/2021\/03\/gamestudio-768x432.png 768w, https:\/\/studio.umiteski.com.tr\/wp-content\/uploads\/2021\/03\/gamestudio-1536x864.png 1536w' sizes='(max-width: 767px) 100vw, 50vw' alt='gamestudio'\/><\/a><\/div><div class='post-info'><div class=\"post-info-header\"><div class='post-meta-item post-category'><a href=\"https:\/\/studio.umiteski.com.tr\/en\/Kategori\/haberler\/\" rel=\"category tag\">News<\/a>, <a href=\"https:\/\/studio.umiteski.com.tr\/en\/Kategori\/hikaye\/\" rel=\"category tag\">Story<\/a><\/div><div class=\"post-info-header-divider\"><\/div><div class='post-meta-item post-likes'><span class=\"sl-wrapper\"><a href=\"https:\/\/studio.umiteski.com.tr\/wp-admin\/admin-ajax.php?action=cws_vc_shortcode_process_simple_like&post_id=2326&nonce=1b16ba2b71&is_comment=0&disabled=true\" class=\"sl-button sl-button-2326 liked\" data-nonce=\"1b16ba2b71\" data-post-id=\"2326\" data-iscomment=\"0\" title=\"Unlike\"><span class=\"sl-icon unliked\"><\/span><span class=\"sl-count\">9<\/span><\/a><span class=\"sl-loader\"><\/span><\/span><\/div><\/div><h3 class='post-title'><a href='https:\/\/studio.umiteski.com.tr\/en\/haberler\/umiteski-studio-kuruldu\/'>UmitEski Studio Kuruldu!<\/a><\/h3><div class='post-content'><p>UmitEski Studio was founded in January 2020 by 1 young and dynamic talented indie developer.<\/p>\n<\/div><div class='post-info-footer'><div class='post-meta-wrapper'><div class='post-meta'><div class='post-meta-item post-author'><span class='post-author-avatar'><a href='https:\/\/studio.umiteski.com.tr\/en\/author\/reclast\/'><img alt='' src='https:\/\/secure.gravatar.com\/avatar\/7047c551dfff45e46f08353b8daae6be?s=35&#038;r=g' srcset='https:\/\/secure.gravatar.com\/avatar\/7047c551dfff45e46f08353b8daae6be?s=70&#038;r=g 2x' class='avatar avatar-35 photo' height='35' width='35' loading='lazy'\/><\/a><\/span><span class='post-author-name'><a href=\"https:\/\/studio.umiteski.com.tr\/en\/author\/reclast\/\" title=\"Posts by \u00dcmit Eski\" rel=\"author\">\u00dcmit Eski<\/a><\/span><\/div><div class='post-meta-item post-date'><a href='https:\/\/studio.umiteski.com.tr\/en\/2020\/01\/'>1 January 2020<\/a><\/div><div class='post-meta-item post-tags'><a href=\"https:\/\/studio.umiteski.com.tr\/en\/Etiket\/acildi\/\" rel=\"tag\">a\u00e7\u0131ld\u0131<\/a>, <a href=\"https:\/\/studio.umiteski.com.tr\/en\/Etiket\/studio\/\" rel=\"tag\">studio<\/a>, <a href=\"https:\/\/studio.umiteski.com.tr\/en\/Etiket\/umiteski\/\" rel=\"tag\">umiteski<\/a><\/div><\/div><div class=\"post-info-footer-divider\"><\/div><\/div><div class='read-more-wrapper'><a href='https:\/\/studio.umiteski.com.tr\/en\/haberler\/umiteski-studio-kuruldu\/' class='read-more'>More<\/a><\/div><\/div><\/div><\/div><\/article><\/div><\/div><\/section><\/div><\/div><\/div><\/div><!-- End CWS Column --> <\/div><\/div><!-- End CWS Row -->\n<\/div>","protected":false},"excerpt":{"rendered":"UmitEski Studio, Ocak 2020\u2019de 1 gen\u00e7 ve dinamik yetenekli indie geli\u015ftiricisi taraf\u0131ndan kuruldu. Ana hedefimiz yarat\u0131c\u0131 ve e\u011flenceli oyunlar yapmak. Projelerimizi en iyi kalitede yapmak i\u00e7in \u00e7ok \u00e7al\u0131\u015fan bir ekibiz. Hepimiz evimizden ba\u011f\u0131ms\u0131z \u00e7al\u0131\u015f\u0131yoruz ve sahip oldu\u011fumuz f\u0131rsatlardan yararlanarak oyunlar\u0131m\u0131z\u0131 yapmaya \u00e7al\u0131\u015f\u0131yoruz. Ayr\u0131ca ileriye d\u00f6n\u00fck bir\u00e7ok projemiz var. Her biri i\u00e7in ayr\u0131 planlar var. Gelecekte size farkl\u0131 t\u00fcrler de dahil olmak \u00fczere bir\u00e7ok oyun geli\u015ftirmeyi ve g\u00f6stermeyi umuyoruz. Bizi takip etmeye devam edin.","protected":false},"author":1,"featured_media":2328,"parent":0,"menu_order":0,"comment_status":"closed","ping_status":"closed","template":"","meta":{"_links_to":"","_links_to_target":""},"yoast_head":"<title>Blog - Haberler - \u00dcmitEski Studio - Ba\u011f\u0131ms\u0131z Oyun Geli\u015ftirici<\/title>\n<meta name=\"description\" content=\"Ba\u011f\u0131ms\u0131z video oyun geli\u015ftirici olarak da bilinen \u00dcmitEski Studio&#039; ya ait g\u00fcncelleme notlar\u0131, haberler, devloglar ve dahas\u0131 bu sayfadad\u0131r.\" \/>\n<link rel=\"canonical\" href=\"https:\/\/studio.umiteski.com.tr\/en\/blog\/\" \/>\n<meta property=\"og:locale\" content=\"en_US\" \/>\n<meta property=\"og:type\" content=\"article\" \/>\n<meta property=\"og:title\" content=\"Blog - Haberler - \u00dcmitEski Studio - Ba\u011f\u0131ms\u0131z Oyun Geli\u015ftirici\" \/>\n<meta property=\"og:description\" content=\"Ba\u011f\u0131ms\u0131z video oyun geli\u015ftirici olarak da bilinen \u00dcmitEski Studio&#039; ya ait g\u00fcncelleme notlar\u0131, haberler, devloglar ve dahas\u0131 bu sayfadad\u0131r.\" \/>\n<meta property=\"og:url\" content=\"https:\/\/studio.umiteski.com.tr\/en\/blog\/\" \/>\n<meta property=\"og:site_name\" content=\"\u00dcmitEski Studio\" \/>\n<meta property=\"article:modified_time\" content=\"2021-03-24T08:24:21+00:00\" \/>\n<meta property=\"og:image\" content=\"https:\/\/studio.umiteski.com.tr\/wp-content\/uploads\/2021\/03\/gamestudio.png\" \/>\n\t<meta property=\"og:image:width\" content=\"1920\" \/>\n\t<meta property=\"og:image:height\" content=\"1080\" \/>\n<meta name=\"twitter:card\" content=\"summary_large_image\" \/>\n<meta name=\"twitter:title\" content=\"Blog - Haberler - \u00dcmitEski Studio - Ba\u011f\u0131ms\u0131z Oyun Geli\u015ftirici\" \/>\n<meta name=\"twitter:description\" content=\"Ba\u011f\u0131ms\u0131z video oyun geli\u015ftirici olarak da bilinen \u00dcmitEski Studio&#039; ya ait g\u00fcncelleme notlar\u0131, haberler, devloglar ve dahas\u0131 bu sayfadad\u0131r.\" \/>\n<meta name=\"twitter:image\" content=\"https:\/\/studio.umiteski.com.tr\/wp-content\/uploads\/2021\/03\/gamestudio.png\" \/>\n<script type=\"application\/ld+json\" class=\"yoast-schema-graph\">{\"@context\":\"https:\/\/schema.org\",\"@graph\":[{\"@type\":\"WebSite\",\"@id\":\"https:\/\/studio.umiteski.com.tr\/#website\",\"url\":\"https:\/\/studio.umiteski.com.tr\/\",\"name\":\"\\u00dcmitEski Studio\",\"description\":\"Ba\\u011f\\u0131ms\\u0131z Oyun Geli\\u015ftirici\",\"potentialAction\":[{\"@type\":\"SearchAction\",\"target\":\"https:\/\/studio.umiteski.com.tr\/?s={search_term_string}\",\"query-input\":\"required name=search_term_string\"}],\"inLanguage\":\"en-US\"},{\"@type\":\"ImageObject\",\"@id\":\"https:\/\/studio.umiteski.com.tr\/blog\/#primaryimage\",\"inLanguage\":\"en-US\",\"url\":\"https:\/\/studio.umiteski.com.tr\/wp-content\/uploads\/2021\/03\/gamestudio.png\",\"width\":1920,\"height\":1080,\"caption\":\"gamestudio\"},{\"@type\":\"WebPage\",\"@id\":\"https:\/\/studio.umiteski.com.tr\/blog\/#webpage\",\"url\":\"https:\/\/studio.umiteski.com.tr\/blog\/\",\"name\":\"Blog - Haberler - \\u00dcmitEski Studio - Ba\\u011f\\u0131ms\\u0131z Oyun Geli\\u015ftirici\",\"isPartOf\":{\"@id\":\"https:\/\/studio.umiteski.com.tr\/#website\"},\"primaryImageOfPage\":{\"@id\":\"https:\/\/studio.umiteski.com.tr\/blog\/#primaryimage\"},\"datePublished\":\"2021-03-12T04:00:23+00:00\",\"dateModified\":\"2021-03-24T08:24:21+00:00\",\"description\":\"Ba\\u011f\\u0131ms\\u0131z video oyun geli\\u015ftirici olarak da bilinen \\u00dcmitEski Studio' ya ait g\\u00fcncelleme notlar\\u0131, haberler, devloglar ve dahas\\u0131 bu sayfadad\\u0131r.\",\"breadcrumb\":{\"@id\":\"https:\/\/studio.umiteski.com.tr\/blog\/#breadcrumb\"},\"inLanguage\":\"en-US\",\"potentialAction\":[{\"@type\":\"ReadAction\",\"target\":[\"https:\/\/studio.umiteski.com.tr\/blog\/\"]}]},{\"@type\":\"BreadcrumbList\",\"@id\":\"https:\/\/studio.umiteski.com.tr\/blog\/#breadcrumb\",\"itemListElement\":[{\"@type\":\"ListItem\",\"position\":1,\"item\":{\"@type\":\"WebPage\",\"@id\":\"https:\/\/studio.umiteski.com.tr\/\",\"url\":\"https:\/\/studio.umiteski.com.tr\/\",\"name\":\"Anasayfa\"}},{\"@type\":\"ListItem\",\"position\":2,\"item\":{\"@type\":\"WebPage\",\"@id\":\"https:\/\/studio.umiteski.com.tr\/blog\/\",\"url\":\"https:\/\/studio.umiteski.com.tr\/blog\/\",\"name\":\"Blog\"}}]}]}<\/script>","_links":{"self":[{"href":"https:\/\/studio.umiteski.com.tr\/en\/wp-json\/wp\/v2\/pages\/626"}],"collection":[{"href":"https:\/\/studio.umiteski.com.tr\/en\/wp-json\/wp\/v2\/pages"}],"about":[{"href":"https:\/\/studio.umiteski.com.tr\/en\/wp-json\/wp\/v2\/types\/page"}],"author":[{"embeddable":true,"href":"https:\/\/studio.umiteski.com.tr\/en\/wp-json\/wp\/v2\/users\/1"}],"replies":[{"embeddable":true,"href":"https:\/\/studio.umiteski.com.tr\/en\/wp-json\/wp\/v2\/comments?post=626"}],"version-history":[{"count":0,"href":"https:\/\/studio.umiteski.com.tr\/en\/wp-json\/wp\/v2\/pages\/626\/revisions"}],"wp:featuredmedia":[{"embeddable":true,"href":"https:\/\/studio.umiteski.com.tr\/en\/wp-json\/wp\/v2\/media\/2328"}],"wp:attachment":[{"href":"https:\/\/studio.umiteski.com.tr\/en\/wp-json\/wp\/v2\/media?parent=626"}],"curies":[{"name":"wp","href":"https:\/\/api.w.org\/{rel}","templated":true}]}}