{"id":522,"date":"2021-03-12T07:06:13","date_gmt":"2021-03-12T04:06:13","guid":{"rendered":"https:\/\/studio.umiteski.com.tr\/pricing-plans\/"},"modified":"2021-04-17T12:19:21","modified_gmt":"2021-04-17T09:19:21","slug":"hizmet-al","status":"publish","type":"page","link":"https:\/\/studio.umiteski.com.tr\/en\/hizmet-al\/","title":{"rendered":"Get Service"},"content":{"rendered":"<div class=\"wpb-content-wrapper\"><!-- Start CWS Row --><div id=\"cws_content_69e53b13b8943\" class=\"cws-content\"><div class=\"vc_row wpb_row vc_row-fluid vc_custom_1565255280159 vc_row-has-fill vc_row-o-content-middle vc_row-flex\"><!-- Start CWS Column --> <div id='cws-column-69e53b13b9199' class='cws-column-wrapper vc_col-sm-5 vc_col-lg-6'><div class=\"wpb_column vc_column_container vc_col-sm-5 vc_col-lg-6\"><div class=\"vc_column-inner\"><div class=\"wpb_wrapper\"><div class='cws-textmodule-69e53b13ba89f cws-textmodule'><div class='cws-textmodule-header subtitle-beside'><h2 class='cws-textmodule-title'>Customer happiness<\/h2><\/div><\/div><\/div><\/div><\/div><\/div><!-- End CWS Column --> <!-- Start CWS Column --> <div id='cws-column-69e53b13bac1c' class='cws-column-wrapper vc_col-sm-7 vc_col-lg-6'><div class=\"wpb_column vc_column_container vc_col-sm-7 vc_col-lg-6\"><div class=\"vc_column-inner\"><div class=\"wpb_wrapper\"><!-- Start CWS Inner Row --> <div id='cws_inner_row_69e53b13bb0b2' class='cws-inner-row-wrapper'><div class=\"vc_row wpb_row vc_inner vc_row-fluid vc_row-o-equal-height vc_row-flex\"><!-- Start CWS Inner Column --> <div id='cws-column-69e53b13bb3f7' class='cws-column-wrapper vc_col-sm-4 vc_col-lg-5'><div class=\"wpb_column vc_column_container vc_col-sm-4 vc_col-lg-5\"><div class=\"vc_column-inner vc_custom_1565255311534\"><div class=\"wpb_wrapper\"><div id='cws-milestone-69e53b13bb818' class='cws-milestone-module'><div class='cws-milestone-main'><div class='cws-milestone-wrapper'><div class='cws-milestone-number-wrapper'><div class='cws-milestone-number' data-speed=\"2000\">100<\/div><div class=\"cws-milestone-sup\">%<\/div><\/div><div class='cws-milestone-info'><div class='cws-milestone-desc'>Project Completion<\/div><\/div><\/div><\/div><\/div><\/div><\/div><\/div><\/div><!-- End CWS Inner Column --> <!-- Start CWS Inner Column --> <div id='cws-column-69e53b13bb938' class='cws-column-wrapper vc_col-sm-4 vc_col-lg-3'><div class=\"wpb_column vc_column_container vc_col-sm-4 vc_col-lg-3 vc_col-has-fill\"><div class=\"vc_column-inner vc_custom_1565255318725\"><div class=\"wpb_wrapper\"><div id='cws-milestone-69e53b13bbcaa' class='cws-milestone-module'><div class='cws-milestone-main'><div class='cws-milestone-wrapper'><div class='cws-milestone-number-wrapper'><div class='cws-milestone-number' data-speed=\"2000\">100<\/div><div class=\"cws-milestone-sup\">%<\/div><\/div><div class='cws-milestone-info'><div class='cws-milestone-desc'>Satisfaction<\/div><\/div><\/div><\/div><\/div><\/div><\/div><\/div><\/div><!-- End CWS Inner Column --> <!-- Start CWS Inner Column --> <div id='cws-column-69e53b13bbd7c' class='cws-column-wrapper vc_col-sm-4'><div class=\"wpb_column vc_column_container vc_col-sm-4\"><div class=\"vc_column-inner vc_custom_1565255326373\"><div class=\"wpb_wrapper\"><div id='cws-milestone-69e53b13bc08a' class='cws-milestone-module'><div class='cws-milestone-main'><div class='cws-milestone-wrapper'><div class='cws-milestone-number-wrapper'><div class='cws-milestone-number' data-speed=\"2000\">37<\/div><div class=\"cws-milestone-sup\">+<\/div><\/div><div class='cws-milestone-info'><div class='cws-milestone-desc'>Completed Project<\/div><\/div><\/div><\/div><\/div><\/div><\/div><\/div><\/div><!-- End CWS Inner Column --> <\/div><\/div><!-- End CWS Inner Row --> <\/div><\/div><\/div><\/div><!-- End CWS Column --> <\/div><\/div><!-- End CWS Row --><!-- Start CWS Row --><div id=\"cws_content_69e53b13bc2ca\" class=\"cws-content\"><div class=\"vc_row wpb_row vc_row-fluid vc_custom_1565255369549\"><!-- Start CWS Column --> <div id='cws-column-69e53b13bc88b' class='cws-column-wrapper vc_col-sm-12'><div class=\"wpb_column vc_column_container vc_col-sm-12\"><div class=\"vc_column-inner vc_custom_1557466035371\"><div class=\"wpb_wrapper\"><!-- Start CWS Inner Row --> <div id='cws_inner_row_69e53b13bcbcc' class='cws-inner-row-wrapper'><div class=\"vc_row wpb_row vc_inner vc_row-fluid vc_custom_1564724355459 vc_row-has-fill\"><!-- Start CWS Inner Column --> <div id='cws-column-69e53b13bce48' class='cws-column-wrapper vc_col-sm-4'><div class=\"wpb_column vc_column_container vc_col-sm-4\"><div class=\"vc_column-inner vc_custom_1564723659393\"><div class=\"wpb_wrapper\"><div id='cws-pricing-plan-69e53b13bd0e6' class='cws-pricing-module'><div class='pricing-header'><div class='pricing-title-wrapper'><span class='pricing-icon'><i class='cws_vc_shortcode_icon_3x flaticon-cube'><\/i><\/span><span class='pricing-title'>Software<\/span><\/div><\/div><div class='pricing-wrapper'><div class=\"pricing-price-wrapper\"><sup>$<\/sup><span class='pricing-price'>59<\/span><span class='pricing-price-desc'>\/mo<\/span><\/div><div class='pricing-content'><div class='pricing-row-info'><strong>Special For Your Business<\/strong> Software<\/div><div class='pricing-row-info'><strong>Development Process<\/strong> Report<\/div><div class='pricing-row-info'><strong>Detailed Interface<\/strong> Design<\/div><div class='pricing-row-info'><strong>Special <\/strong> Admin Panel<\/div><div class='pricing-row-info'><strong>24\/7<\/strong> Support<\/div><\/div><div class='pricing-plan-buttons'><a href='https:\/\/studio.umiteski.com.tr\/en\/iletisim\/'  class='more-button'>Buy now<\/a><\/div><\/div><div class='pricing-additional-text'><p>You can contact for details.<\/p>\n<\/div><\/div><\/div><\/div><\/div><\/div><!-- End CWS Inner Column --> <!-- Start CWS Inner Column --> <div id='cws-column-69e53b13bd5f5' class='cws-column-wrapper vc_col-sm-4'><div class=\"wpb_column vc_column_container vc_col-sm-4\"><div class=\"vc_column-inner vc_custom_1564724229941\"><div class=\"wpb_wrapper\"><div id='cws-pricing-plan-69e53b13bd82f' class='cws-pricing-module highlighted'><div class='pricing-header'><div class='pricing-title-wrapper'><span class='pricing-icon'><i class='cws_vc_shortcode_icon_3x flaticon-crown'><\/i><\/span><span class='pricing-title'>Game Development<\/span><\/div><\/div><div class='pricing-wrapper'><div class=\"pricing-price-wrapper\"><sup>$<\/sup><span class='pricing-price'>99<\/span><span class='pricing-price-desc'>\/mo<\/span><\/div><div class='pricing-content'><div class='pricing-row-info'><strong>According to your request<\/strong> Game Development<\/div><div class='pricing-row-info'><strong>GDD Document<\/strong> Preparation<\/div><div class='pricing-row-info'><strong>Detailed Interface<\/strong> Design<\/div><div class='pricing-row-info'><strong>Easy to Develop<\/strong> Panel and Plugins<\/div><div class='pricing-row-info'><strong>24\/7<\/strong> Support<\/div><\/div><div class='pricing-plan-buttons'><a href='https:\/\/studio.umiteski.com.tr\/en\/iletisim\/'  class='more-button'>Buy now<\/a><\/div><\/div><div class='pricing-additional-text'><p>You can contact for details.<\/p>\n<\/div><\/div><\/div><\/div><\/div><\/div><!-- End CWS Inner Column --> <!-- Start CWS Inner Column --> <div id='cws-column-69e53b13bdec3' class='cws-column-wrapper vc_col-sm-4'><div class=\"wpb_column vc_column_container vc_col-sm-4\"><div class=\"vc_column-inner vc_custom_1564724246812\"><div class=\"wpb_wrapper\"><div id='cws-pricing-plan-69e53b13be0f4' class='cws-pricing-module'><div class='pricing-header'><div class='pricing-title-wrapper'><span class='pricing-icon'><i class='cws_vc_shortcode_icon_3x flaticon-startup'><\/i><\/span><span class='pricing-title'>Design<\/span><\/div><\/div><div class='pricing-wrapper'><div class=\"pricing-price-wrapper\"><sup>$<\/sup><span class='pricing-price'>59<\/span><span class='pricing-price-desc'>\/mo<\/span><\/div><div class='pricing-content'><div class='pricing-row-info'><strong>Special For Your Business<\/strong> Design<\/div><div class='pricing-row-info'><strong>5 Revize<\/strong> Right to<\/div><div class='pricing-row-info'><strong>Detailed Interface<\/strong> Design<\/div><div class='pricing-row-info'><strong>PSD Hali<\/strong> Delivered<\/div><div class='pricing-row-info'><strong>24\/7<\/strong> Support<\/div><\/div><div class='pricing-plan-buttons'><a href='https:\/\/studio.umiteski.com.tr\/en\/iletisim\/'  class='more-button'>Buy now<\/a><\/div><\/div><div class='pricing-additional-text'><p>You can contact for details.<\/p>\n<\/div><\/div><\/div><\/div><\/div><\/div><!-- End CWS Inner Column --> <\/div><\/div><!-- End CWS Inner Row --> <\/div><\/div><\/div><\/div><!-- End CWS Column --> <\/div><\/div><!-- End CWS Row -->\n<\/div>","protected":false},"excerpt":{"rendered":"M\u00fc\u015fteri Memnuniyeti 100%Proje Tamamlama 100%Memnuniyet 37+Tamamlanan Proje Yaz\u0131l\u0131m$59\/mo\u0130\u015finize \u00d6zel Yaz\u0131l\u0131mGeli\u015ftirme S\u00fcreci RaporuDetayl\u0131 Aray\u00fcz Tasar\u0131m\u0131\u00d6zel Admin Paneli24\/7 Destek\u015eimdi AlDetaylar i\u00e7in ileti\u015fime ge\u00e7ebilirsiniz. Oyun Geli\u015ftirme$99\/mo\u0130ste\u011finize G\u00f6re Oyun Geli\u015ftirmeGDD D\u00f6k\u00fcman Haz\u0131rl\u0131\u011f\u0131Detayl\u0131 Aray\u00fcz Tasar\u0131m\u0131Kolay Geli\u015ftirilebilir Panel ve Eklentiler24\/7 Destek\u015eimdi AlDetaylar i\u00e7in ileti\u015fime ge\u00e7ebilirsiniz. Tasar\u0131m$59\/mo\u0130\u015finize \u00d6zel Tasar\u0131m5 Revize Hakk\u0131Detayl\u0131 Aray\u00fcz Tasar\u0131m\u0131PSD Hali Teslim Edilir24\/7 Destek\u015eimdi AlDetaylar i\u00e7in ileti\u015fime ge\u00e7ebilirsiniz.","protected":false},"author":1,"featured_media":2374,"parent":0,"menu_order":0,"comment_status":"closed","ping_status":"closed","template":"","meta":{"_links_to":"","_links_to_target":""},"yoast_head":"<title>Hizmet Al - \u00dcmitEski Studio<\/title>\n<meta name=\"description\" content=\"Ba\u011f\u0131ms\u0131z video oyun geli\u015ftirici olarak da bilinen \u00dcmitEski Studio&#039; ya ait yap\u0131lm\u0131\u015f olan hizmetler, oyunlar, projeleri burada g\u00f6rebilirsiniz.\" \/>\n<link rel=\"canonical\" href=\"https:\/\/studio.umiteski.com.tr\/en\/hizmet-al\/\" \/>\n<meta property=\"og:locale\" content=\"en_US\" \/>\n<meta property=\"og:type\" content=\"article\" \/>\n<meta property=\"og:title\" content=\"Hizmet Al - \u00dcmitEski Studio - Ba\u011f\u0131ms\u0131z Oyun Geli\u015ftirici\" \/>\n<meta property=\"og:description\" content=\"Ba\u011f\u0131ms\u0131z video oyun geli\u015ftirici olarak da bilinen \u00dcmitEski Studio&#039; ya ait yap\u0131lm\u0131\u015f olan hizmetler, oyunlar, projeleri burada g\u00f6rebilirsiniz.\" \/>\n<meta property=\"og:url\" content=\"https:\/\/studio.umiteski.com.tr\/en\/hizmet-al\/\" \/>\n<meta property=\"og:site_name\" content=\"\u00dcmitEski Studio\" \/>\n<meta property=\"article:modified_time\" content=\"2021-04-17T09:19:21+00:00\" \/>\n<meta property=\"og:image\" content=\"https:\/\/studio.umiteski.com.tr\/wp-content\/uploads\/2021\/03\/gamedesigner.jpg\" \/>\n\t<meta property=\"og:image:width\" content=\"1920\" \/>\n\t<meta property=\"og:image:height\" content=\"1080\" \/>\n<meta name=\"twitter:card\" content=\"summary_large_image\" \/>\n<meta name=\"twitter:title\" content=\"Hizmet Al - \u00dcmitEski Studio - Ba\u011f\u0131ms\u0131z Oyun Geli\u015ftirici\" \/>\n<meta name=\"twitter:description\" content=\"Ba\u011f\u0131ms\u0131z video oyun geli\u015ftirici olarak da bilinen \u00dcmitEski Studio&#039; ya ait yap\u0131lm\u0131\u015f olan hizmetler, oyunlar, projeleri burada g\u00f6rebilirsiniz.\" \/>\n<meta name=\"twitter:image\" content=\"https:\/\/studio.umiteski.com.tr\/wp-content\/uploads\/2021\/03\/gamedesigner.jpg\" \/>\n<meta name=\"twitter:label1\" content=\"Est. reading time\">\n\t<meta name=\"twitter:data1\" content=\"2 minutes\">\n<script type=\"application\/ld+json\" class=\"yoast-schema-graph\">{\"@context\":\"https:\/\/schema.org\",\"@graph\":[{\"@type\":\"WebSite\",\"@id\":\"https:\/\/studio.umiteski.com.tr\/#website\",\"url\":\"https:\/\/studio.umiteski.com.tr\/\",\"name\":\"\\u00dcmitEski Studio\",\"description\":\"Ba\\u011f\\u0131ms\\u0131z Oyun Geli\\u015ftirici\",\"potentialAction\":[{\"@type\":\"SearchAction\",\"target\":\"https:\/\/studio.umiteski.com.tr\/?s={search_term_string}\",\"query-input\":\"required name=search_term_string\"}],\"inLanguage\":\"en-US\"},{\"@type\":\"ImageObject\",\"@id\":\"https:\/\/studio.umiteski.com.tr\/hizmet-al\/#primaryimage\",\"inLanguage\":\"en-US\",\"url\":\"https:\/\/studio.umiteski.com.tr\/wp-content\/uploads\/2021\/03\/gamedesigner.jpg\",\"width\":1920,\"height\":1080,\"caption\":\"gamedesigner\"},{\"@type\":\"WebPage\",\"@id\":\"https:\/\/studio.umiteski.com.tr\/hizmet-al\/#webpage\",\"url\":\"https:\/\/studio.umiteski.com.tr\/hizmet-al\/\",\"name\":\"Hizmet Al - \\u00dcmitEski Studio\",\"isPartOf\":{\"@id\":\"https:\/\/studio.umiteski.com.tr\/#website\"},\"primaryImageOfPage\":{\"@id\":\"https:\/\/studio.umiteski.com.tr\/hizmet-al\/#primaryimage\"},\"datePublished\":\"2021-03-12T04:06:13+00:00\",\"dateModified\":\"2021-04-17T09:19:21+00:00\",\"description\":\"Ba\\u011f\\u0131ms\\u0131z video oyun geli\\u015ftirici olarak da bilinen \\u00dcmitEski Studio' ya ait yap\\u0131lm\\u0131\\u015f olan hizmetler, oyunlar, projeleri burada g\\u00f6rebilirsiniz.\",\"breadcrumb\":{\"@id\":\"https:\/\/studio.umiteski.com.tr\/hizmet-al\/#breadcrumb\"},\"inLanguage\":\"en-US\",\"potentialAction\":[{\"@type\":\"ReadAction\",\"target\":[\"https:\/\/studio.umiteski.com.tr\/hizmet-al\/\"]}]},{\"@type\":\"BreadcrumbList\",\"@id\":\"https:\/\/studio.umiteski.com.tr\/hizmet-al\/#breadcrumb\",\"itemListElement\":[{\"@type\":\"ListItem\",\"position\":1,\"item\":{\"@type\":\"WebPage\",\"@id\":\"https:\/\/studio.umiteski.com.tr\/\",\"url\":\"https:\/\/studio.umiteski.com.tr\/\",\"name\":\"Anasayfa\"}},{\"@type\":\"ListItem\",\"position\":2,\"item\":{\"@type\":\"WebPage\",\"@id\":\"https:\/\/studio.umiteski.com.tr\/hizmet-al\/\",\"url\":\"https:\/\/studio.umiteski.com.tr\/hizmet-al\/\",\"name\":\"Hizmet Al\"}}]}]}<\/script>","_links":{"self":[{"href":"https:\/\/studio.umiteski.com.tr\/en\/wp-json\/wp\/v2\/pages\/522"}],"collection":[{"href":"https:\/\/studio.umiteski.com.tr\/en\/wp-json\/wp\/v2\/pages"}],"about":[{"href":"https:\/\/studio.umiteski.com.tr\/en\/wp-json\/wp\/v2\/types\/page"}],"author":[{"embeddable":true,"href":"https:\/\/studio.umiteski.com.tr\/en\/wp-json\/wp\/v2\/users\/1"}],"replies":[{"embeddable":true,"href":"https:\/\/studio.umiteski.com.tr\/en\/wp-json\/wp\/v2\/comments?post=522"}],"version-history":[{"count":0,"href":"https:\/\/studio.umiteski.com.tr\/en\/wp-json\/wp\/v2\/pages\/522\/revisions"}],"wp:featuredmedia":[{"embeddable":true,"href":"https:\/\/studio.umiteski.com.tr\/en\/wp-json\/wp\/v2\/media\/2374"}],"wp:attachment":[{"href":"https:\/\/studio.umiteski.com.tr\/en\/wp-json\/wp\/v2\/media?parent=522"}],"curies":[{"name":"wp","href":"https:\/\/api.w.org\/{rel}","templated":true}]}}