{"id":466,"date":"2021-03-12T07:09:49","date_gmt":"2021-03-12T04:09:49","guid":{"rendered":"https:\/\/studio.umiteski.com.tr\/our-approaches\/"},"modified":"2021-04-17T12:05:42","modified_gmt":"2021-04-17T09:05:42","slug":"calismalarimiz","status":"publish","type":"page","link":"https:\/\/studio.umiteski.com.tr\/en\/calismalarimiz\/","title":{"rendered":"Our Works"},"content":{"rendered":"<div class=\"wpb-content-wrapper\"><!-- Start CWS Row --><div id=\"cws_content_69e538da1b753\" class=\"cws-content\"><div class='particles-wrapper' ><div id='particles-69e538da1b81e' class='particles-js top-left'  data-color='#ffe27a' data-saturation='300' data-size='40' data-count='8' data-speed='2' data-hide='768' data-image='https:\/\/studio.umiteski.com.tr\/wp-content\/themes\/RecLast' style='\t\t\t\t\t\t\t\twidth: 100%;\t\t\t\t\t\t\t\t\t\t\t\t\t\t\theight: 100%;\t\t\t\t\t\t\t'><\/div><\/div><div class='vc_row-full-width vc_clearfix'><\/div><div data-vc-full-width=\"true\" data-vc-full-width-init=\"false\" class=\"vc_row wpb_row vc_row-fluid vc_custom_1564133351273 vc_row-o-content-middle vc_row-flex\"><!-- Start CWS Column --> <div id='cws-column-69e538da1bf7b' class='cws-column-wrapper vc_col-sm-6 vc_col-lg-5'><div class=\"wpb_column vc_column_container vc_col-sm-6 vc_col-lg-5\"><div class=\"vc_column-inner vc_custom_1564146323373\"><div class=\"wpb_wrapper\"><div class='cws-textmodule-69e538da1f62a cws-textmodule'><div class='cws-textmodule-header subtitle-above'><h2 class='cws-textmodule-title'>Fun Games<br \/>\nDeveloped<\/h2><\/div><div class='cws-textmodule-content-wrapper'><p>As an independent developer team, we have developed and continue to develop many projects and games. We are working hard to make the projects and games of our dreams come true. You can see the projects we have created here.<\/p>\n<\/div><\/div><div id='cws_button_wrapper_69e538da1fb44' class='cws_button_wrapper'><a id='cws_button_69e538da1fb46' class='cws-custom-button regular icon-position-right icon-face-flaticon-028-arrow-metamax' href='https:\/\/studio.umiteski.com.tr\/en\/portfolyo\/' target=\"_blank\"><span class='button-icon'><i class='cws-icon-regular flaticon-028-arrow-metamax'><\/i><\/span>Projects<span class='button-icon'><i class='cws-icon-regular flaticon-028-arrow-metamax'><\/i><\/span><\/a><\/div><\/div><\/div><\/div><\/div><!-- End CWS Column --> <!-- Start CWS Column --> <div id='cws-column-69e538da1fc38' class='cws-column-wrapper vc_col-sm-6 vc_col-lg-7'><div class=\"wpb_column vc_column_container vc_col-sm-6 vc_col-lg-7\"><div class=\"vc_column-inner\"><div class=\"wpb_wrapper\"><div id='cws-image-69e538da1ff06' class='cws-image-module effect-no-hover'><div class=\"main-image\"><img src=\"https:\/\/studio.umiteski.com.tr\/wp-content\/uploads\/2021\/03\/gamestudio.png\" srcset=\"https:\/\/studio.umiteski.com.tr\/wp-content\/uploads\/2021\/03\/gamestudio.png 1920w, https:\/\/studio.umiteski.com.tr\/wp-content\/uploads\/2021\/03\/gamestudio-300x169.png 300w, https:\/\/studio.umiteski.com.tr\/wp-content\/uploads\/2021\/03\/gamestudio-1024x576.png 1024w, https:\/\/studio.umiteski.com.tr\/wp-content\/uploads\/2021\/03\/gamestudio-768x432.png 768w, https:\/\/studio.umiteski.com.tr\/wp-content\/uploads\/2021\/03\/gamestudio-1536x864.png 1536w\" sizes=\"(max-width: 1920px) 100vw, 1920px\" alt=\"gamestudio\" class=\"main-image-main\" \/><\/div><\/div><\/div><\/div><\/div><\/div><!-- End CWS Column --> <\/div><div class=\"vc_row-full-width vc_clearfix\"><\/div><\/div><!-- End CWS Row --><!-- Start CWS Row --><div id=\"cws_content_69e538da263a4\" class=\"cws-content\"><div data-vc-full-width=\"true\" data-vc-full-width-init=\"false\" class=\"vc_row wpb_row vc_row-fluid vc_custom_1565159796793 vc_row-has-fill\"><!-- Start CWS Column --> <div id='cws-column-69e538da26758' class='cws-column-wrapper vc_col-sm-4'><div class=\"wpb_column vc_column_container vc_col-sm-4\"><div class=\"vc_column-inner\"><div class=\"wpb_wrapper\"><div class='cws-service-69e538da26b9c cws-service-module service-type-default divider-bottom disable-shadow icon-left portrait-icon-top mobile-icon-left icon-shape-hexagon'><div class='service-icon-wrapper'><span class='service-media-element'><\/span><span class='icon'><i class='cws_vc_shortcode_icon_3x flaticon-rocket'><\/i><\/span><\/div><div class='service-info-wrapper'><div class='service-info-inner'><h6 class='service-title'>Region<\/h6><div class='service-divider'><\/div><div class='service-description'>We apply our ideas as an independent team in Turkey. Good infrastructure and sunny weather is the best environment to develop our projects.<\/div><\/div><\/div><\/div><\/div><\/div><\/div><\/div><!-- End CWS Column --> <!-- Start CWS Column --> <div id='cws-column-69e538da26d23' class='cws-column-wrapper vc_col-sm-4'><div class=\"wpb_column vc_column_container vc_col-sm-4\"><div class=\"vc_column-inner\"><div class=\"wpb_wrapper\"><div class='cws-service-69e538da2706c cws-service-module service-type-default divider-bottom disable-shadow icon-left portrait-icon-top mobile-icon-left icon-shape-hexagon'><div class='service-icon-wrapper'><span class='service-media-element'><\/span><span class='icon'><i class='cws_vc_shortcode_icon_3x flaticon-target-1'><\/i><\/span><\/div><div class='service-info-wrapper'><div class='service-info-inner'><h6 class='service-title'>Fun game<\/h6><div class='service-divider'><\/div><div class='service-description'>We take our inspiration from all kinds of sources and experiences. We make colorful, fun, engaging and smart mixes for fun game creations.<\/div><\/div><\/div><\/div><\/div><\/div><\/div><\/div><!-- End CWS Column --> <!-- Start CWS Column --> <div id='cws-column-69e538da2717e' class='cws-column-wrapper vc_col-sm-4'><div class=\"wpb_column vc_column_container vc_col-sm-4\"><div class=\"vc_column-inner\"><div class=\"wpb_wrapper\"><div class='cws-service-69e538da2751b cws-service-module service-type-default divider-bottom disable-shadow icon-left portrait-icon-top mobile-icon-left icon-shape-hexagon'><div class='service-icon-wrapper'><span class='service-media-element'><\/span><span class='icon'><i class='cws_vc_shortcode_icon_3x flaticon-crown'><\/i><\/span><\/div><div class='service-info-wrapper'><div class='service-info-inner'><h6 class='service-title'>Our Games<\/h6><div class='service-divider'><\/div><div class='service-description'>We are after the game because we love to play. We develop fun games and we hope you enjoy these games too.<\/div><\/div><\/div><\/div><\/div><\/div><\/div><\/div><!-- End CWS Column --> <\/div><div class=\"vc_row-full-width vc_clearfix\"><\/div><\/div><!-- End CWS Row --><!-- Start CWS Row --><div id=\"cws_content_69e538da27711\" class=\"cws-content\"><div class='cws-layer cws-stretch-row' data-vc-full-width='true' data-vc-full-width-init='false'><div style='\t\t\t\t\t\t\tleft:0%;\t\t\t\t\t\t\t width:50% !important;\t\t\t\t\t\t\t background-size:initial;\t\t\t\t\t\t\t background-position:left top;\t\t\t\t\t\t\t background-repeat:no-repeat;\t\t\t\t\t\t\t background-color:#6bbfff;\t\t\t\t\t\t\t margin: 0px 0px;\t\t\t\t\t\t\t opacity: 1;\t\t\t\t\t\t'><\/div><\/div><div class='vc_row-full-width vc_clearfix'><\/div><div class=\"bg-waves\"><div class=\"wave wave-bottom-right\"><img class=\"layer\" src=\"https:\/\/studio.umiteski.com.tr\/wp-content\/themes\/RecLast\/img\/waves\/right_bottom_02.png\" alt=\"right_bottom_02\"><img class=\"layer\" src=\"https:\/\/studio.umiteski.com.tr\/wp-content\/themes\/RecLast\/img\/waves\/right_bottom_01.png\" alt=\"right_bottom_01\"><\/div><\/div><div data-vc-full-width=\"true\" data-vc-full-width-init=\"false\" class=\"vc_row wpb_row vc_row-fluid vc_custom_1565162062510 vc_row-has-fill vc_row-o-content-middle vc_row-flex\"><!-- Start CWS Column --> <div id='cws-column-69e538da27af9' class='cws-column-wrapper vc_col-sm-6 vc_col-lg-7 vc_col-md-3\/5'><div class=\"wpb_column vc_column_container vc_col-sm-6 vc_col-lg-7 vc_col-md-3\/5 vc_col-has-fill\"><div class=\"vc_column-inner vc_custom_1565162485159\"><div class=\"wpb_wrapper\"><div id='cws-image-69e538da27d56' class='cws-image-module effect-no-hover'><div class=\"main-image\"><img src=\"https:\/\/studio.umiteski.com.tr\/wp-content\/uploads\/2019\/09\/bg-approaches.jpg\" srcset=\"https:\/\/studio.umiteski.com.tr\/wp-content\/uploads\/2019\/09\/bg-approaches.jpg 727w, https:\/\/studio.umiteski.com.tr\/wp-content\/uploads\/2019\/09\/bg-approaches-300x288.jpg 300w\" sizes=\"(max-width: 727px) 100vw, 727px\" alt=\"\" class=\"main-image-main\" \/><\/div><\/div><\/div><\/div><\/div><\/div><!-- End CWS Column --> <!-- Start CWS Column --> <div id='cws-column-69e538da2ba03' class='cws-column-wrapper vc_col-sm-6 vc_col-lg-5 vc_col-md-2\/5'><div class=\"wpb_column vc_column_container vc_col-sm-6 vc_col-lg-5 vc_col-md-2\/5\"><div class=\"vc_column-inner vc_custom_1565162201904\"><div class=\"wpb_wrapper\"><div class='cws-textmodule-69e538da2bfb8 cws-textmodule'><div class='cws-textmodule-header subtitle-above'><h2 class='cws-textmodule-title'>About Us<\/h2><\/div><\/div><div class='cws-service-69e538da2c2a0 cws-service-module service-type-default disable-shadow icon-left icon-shape-hexagon'><div class='service-icon-wrapper'><span class='service-media-element'><\/span><span class='icon'><i class='cws_vc_shortcode_icon_3x flaticon-clipboard-2'><\/i><\/span><\/div><div class='service-info-wrapper'><div class='service-info-inner'><div class='service-description'>UmitEski Studio \u00a9 is an independent game development team founded in 2020. Our main goal is to develop fun games despite difficult conditions and possibilities. We are taking firm steps in this direction.<\/div><\/div><\/div><\/div><div id='cws_button_wrapper_69e538da2c3ff' class='cws_button_wrapper'><a id='cws_button_69e538da2c401' class='cws-custom-button regular icon-position-right icon-face-flaticon-028-arrow-metamax' href='https:\/\/studio.umiteski.com.tr\/en\/hakkimizda\/' target=\"_blank\"><span class='button-icon'><i class='cws-icon-regular flaticon-028-arrow-metamax'><\/i><\/span>More<span class='button-icon'><i class='cws-icon-regular flaticon-028-arrow-metamax'><\/i><\/span><\/a><\/div><\/div><\/div><\/div><\/div><!-- End CWS Column --> <\/div><div class=\"vc_row-full-width vc_clearfix\"><\/div><\/div><!-- End CWS Row --><!-- Start CWS Row --><div id=\"cws_content_69e538da2c594\" class=\"cws-content\"><div class='particles-wrapper' ><div id='particles-69e538da2c619' class='particles-js top-left'  data-color='#ffe27a' data-saturation='300' data-size='40' data-count='8' data-speed='2' data-hide='768' data-image='https:\/\/studio.umiteski.com.tr\/wp-content\/themes\/RecLast' style='\t\t\t\t\t\t\t\twidth: 100%;\t\t\t\t\t\t\t\t\t\t\t\t\t\t\theight: 100%;\t\t\t\t\t\t\t'><\/div><\/div><div class='vc_row-full-width vc_clearfix'><\/div><div data-vc-full-width=\"true\" data-vc-full-width-init=\"false\" class=\"vc_row wpb_row vc_row-fluid vc_custom_1565160079311 vc_row-o-content-middle vc_row-flex\"><!-- Start CWS Column --> <div id='cws-column-69e538da2c97c' class='cws-column-wrapper vc_col-sm-12 vc_col-lg-4 vc_col-md-4 vc_col-xs-12'><div class=\"wpb_column vc_column_container vc_col-sm-12 vc_col-lg-4 vc_col-md-4 vc_col-xs-12\"><div class=\"vc_column-inner\"><div class=\"wpb_wrapper\"><div class='cws-textmodule-69e538da2cd52 cws-textmodule'><div class='cws-textmodule-header subtitle-above'><h2 class='cws-textmodule-title'>Our Works<\/h2><\/div><div class='cws-textmodule-content-wrapper'><p>As an independent game studio, we have many work plans. You can find all the projects and games we have done on our site. In addition, if you are curious about our other services, you can find them here.<\/p>\n<\/div><\/div><div id='cws_button_wrapper_69e538da2d07d' class='cws_button_wrapper'><a id='cws_button_69e538da2d07e' class='cws-custom-button regular' href='https:\/\/studio.umiteski.com.tr\/en\/hizmetlerimiz\/' >Our Services<\/a><\/div><\/div><\/div><\/div><\/div><!-- End CWS Column --> <!-- Start CWS Column --> <div id='cws-column-69e538da2d130' class='cws-column-wrapper vc_col-sm-12 vc_col-lg-8 vc_col-md-8 vc_col-xs-12'><div class=\"wpb_column vc_column_container vc_col-sm-12 vc_col-lg-8 vc_col-md-8 vc_col-xs-12\"><div class=\"vc_column-inner\"><div class=\"wpb_wrapper\"><!-- Start CWS Inner Row --> <div id='cws_inner_row_69e538da2d5aa' class='cws-inner-row-wrapper'><div class=\"vc_row wpb_row vc_inner vc_row-fluid\"><!-- Start CWS Inner Column --> <div id='cws-column-69e538da2d8c9' class='cws-column-wrapper vc_col-sm-6'><div class=\"wpb_column vc_column_container vc_col-sm-6\"><div class=\"vc_column-inner vc_custom_1565159524928\"><div class=\"wpb_wrapper\"><div class='cws-service-69e538da2dd27 cws-service-module service-type-default icon-corner hide-divider icon-shape-hexagon'><div class='service-icon-wrapper'><span class='service-media-element'><\/span><span class='icon'><i class='cws_vc_shortcode_icon_3x flaticon-presentation-3'><\/i><\/span><\/div><div class='service-info-wrapper'><div class='service-info-inner'><h6 class='service-title'>We are planning<\/h6><div class='service-description'>We are considering and planning many game development, including our current game.<\/div><\/div><\/div><\/div><div class='cws-service-69e538da2df7d cws-service-module service-type-default icon-corner hide-divider icon-shape-hexagon'><div class='service-icon-wrapper'><span class='service-media-element'><\/span><span class='icon'><i class='cws_vc_shortcode_icon_3x flaticon-settings-1'><\/i><\/span><\/div><div class='service-info-wrapper'><div class='service-info-inner'><h6 class='service-title'>We are developing<\/h6><div class='service-description'>We work hard to make our games fun and quality. And we are trying to bring these games to you quickly.<\/div><\/div><\/div><\/div><\/div><\/div><\/div><\/div><!-- End CWS Inner Column --> <!-- Start CWS Inner Column --> <div id='cws-column-69e538da2e0d4' class='cws-column-wrapper vc_col-sm-6'><div class=\"wpb_column vc_column_container vc_col-sm-6\"><div class=\"vc_column-inner vc_custom_1565159496762\"><div class=\"wpb_wrapper\"><div class='cws-service-69e538da2e3ac cws-service-module service-type-default icon-corner hide-divider icon-shape-hexagon'><div class='service-icon-wrapper'><span class='service-media-element'><\/span><span class='icon'><i class='cws_vc_shortcode_icon_3x flaticon-idea'><\/i><\/span><\/div><div class='service-info-wrapper'><div class='service-info-inner'><h6 class='service-title'>We design<\/h6><div class='service-description'>After planning, we design our project and try to create as much details as possible.<\/div><\/div><\/div><\/div><div class='cws-service-69e538da2e558 cws-service-module service-type-default icon-corner hide-divider icon-shape-hexagon'><div class='service-icon-wrapper'><span class='service-media-element'><\/span><span class='icon'><i class='cws_vc_shortcode_icon_3x flaticon-laptop-2'><\/i><\/span><\/div><div class='service-info-wrapper'><div class='service-info-inner'><h6 class='service-title'>We are testing<\/h6><div class='service-description'>We test our games and fix all bugs. We offer you stable after cleaning missing and errors.<\/div><\/div><\/div><\/div><\/div><\/div><\/div><\/div><!-- End CWS Inner Column --> <\/div><\/div><!-- End CWS Inner Row --> <\/div><\/div><\/div><\/div><!-- End CWS Column --> <\/div><div class=\"vc_row-full-width vc_clearfix\"><\/div><\/div><!-- End CWS Row --><!-- Start CWS Row --><div id=\"cws_content_69e538da2e81e\" class=\"cws-content\"><div data-vc-full-width=\"true\" data-vc-full-width-init=\"false\" class=\"vc_row wpb_row vc_row-fluid vc_custom_1562915016178 vc_row-has-fill vc_row-o-content-middle vc_row-flex\"><!-- Start CWS Column --> <div id='cws-column-69e538da2eae4' class='cws-column-wrapper vc_col-sm-6'><div class=\"wpb_column vc_column_container vc_col-sm-6\"><div class=\"vc_column-inner\"><div class=\"wpb_wrapper\"><div id='cws-image-69e538da2ed13' class='cws-image-module effect-no-hover'><div class=\"main-image\"><img src=\"https:\/\/studio.umiteski.com.tr\/wp-content\/uploads\/2019\/07\/img_02.png\" srcset=\"https:\/\/studio.umiteski.com.tr\/wp-content\/uploads\/2019\/07\/img_02.png 475w, https:\/\/studio.umiteski.com.tr\/wp-content\/uploads\/2019\/07\/img_02-300x177.png 300w\" sizes=\"(max-width: 475px) 100vw, 475px\" alt=\"\" class=\"main-image-main\" \/><\/div><\/div><\/div><\/div><\/div><\/div><!-- End CWS Column --> <!-- Start CWS Column --> <div id='cws-column-69e538da33b9e' class='cws-column-wrapper vc_col-sm-6'><div class=\"wpb_column vc_column_container vc_col-sm-6\"><div class=\"vc_column-inner vc_custom_1564383596822\"><div class=\"wpb_wrapper\"><div class='cws-textmodule-69e538da341c7 cws-textmodule'><div class='cws-textmodule-header subtitle-above'><h2 class='cws-textmodule-title'>Need Detail?<\/h2><\/div><div class='cws-textmodule-content-wrapper'><p>You can get more details by contacting us via the contact panel, Mail or Discord.<\/p>\n<\/div><\/div><div id='cws_button_wrapper_69e538da3451f' class='cws_button_wrapper'><a id='cws_button_69e538da34521' class='cws-custom-button regular icon-position-right icon-face-flaticon-028-arrow-metamax' href='https:\/\/studio.umiteski.com.tr\/en\/iletisim\/' target=\"_blank\"><span class='button-icon'><i class='cws-icon-regular flaticon-028-arrow-metamax'><\/i><\/span>Contact Us<span class='button-icon'><i class='cws-icon-regular flaticon-028-arrow-metamax'><\/i><\/span><\/a><\/div><\/div><\/div><\/div><\/div><!-- End CWS Column --> <\/div><div class=\"vc_row-full-width vc_clearfix\"><\/div><\/div><!-- End CWS Row -->\n<\/div>","protected":false},"excerpt":{"rendered":"E\u011flenceli Oyunlar \u00dcretiyoruzBa\u011f\u0131ms\u0131z bir geli\u015ftirici ekip olarak bir \u00e7ok proje ve oyun geli\u015ftirdik ve geli\u015ftirmeye devam ediyoruz. Hayalimizdeki proje ve oyunlar\u0131 ger\u00e7e\u011fe d\u00f6n\u00fc\u015ft\u00fcrmek i\u00e7in var g\u00fcc\u00fcm\u00fczle \u00e7al\u0131\u015f\u0131yoruz. Olu\u015fturdu\u011fumuz projeleri buradan g\u00f6rebilirsiniz. Projeler B\u00f6lgeT\u00fcrkiye'de ba\u011f\u0131ms\u0131z bir ekip olarak fikirlerimizi uyguluyoruz. \u0130yi altyap\u0131 ve g\u00fcne\u015fli bir hava projelerimizi geli\u015ftirmek i\u00e7in en g\u00fczel ortamd\u0131r. E\u011flenceli Oyun\u0130lham\u0131m\u0131z\u0131 her t\u00fcrl\u00fc kaynak ve deneyimlerden al\u0131yoruz. E\u011flenceli oyun kreasyonlar\u0131 i\u00e7in renkli, e\u011flenceli, ilgi \u00e7ekici ve ak\u0131ll\u0131 kar\u0131\u015f\u0131mlar yap\u0131yoruz. Oyunlar\u0131m\u0131zOyunun pe\u015findeyiz \u00e7\u00fcnk\u00fc oynamay\u0131 seviyoruz. E\u011flenceli oyunlar geli\u015ftiriyoruz ve umar\u0131z sizlerde bu oyunlar\u0131 be\u011fenirsiniz. Hakk\u0131m\u0131zdaUmitEski Studio \u00a9 2020 y\u0131l\u0131nda kurulmu\u015f ba\u011f\u0131ms\u0131z bir oyun geli\u015ftirme ekibidir. Temel hedefimiz zor ko\u015fullara ve olas\u0131l\u0131klara ra\u011fmen e\u011flenceli oyunlar geli\u015ftirmektir. Bu yolda sa\u011flam ad\u0131mlar at\u0131yoruz.Devam\u0131 \u00c7al\u0131\u015fmalar\u0131m\u0131zBa\u011f\u0131ms\u0131z bir oyun st\u00fcdyosu olarak bir \u00e7ok \u00e7al\u0131\u015fma plan\u0131m\u0131z mevcut. Yapt\u0131\u011f\u0131m\u0131z t\u00fcm projeleri ve oyunlar\u0131 sitemizde bulabilirisniz. Ayr\u0131ca di\u011fer hizmetlerimizi merak ediyorsan\u0131z buradan ula\u015fabilirsiniz. Hizmetlerimiz Planl\u0131yoruzMevcut oyunumuz dahil bir\u00e7ok oyun geli\u015ftirmeyi d\u00fc\u015f\u00fcn\u00fcyoruz ve planlad\u0131k.Geli\u015ftiriyoruzOyunlar\u0131m\u0131z\u0131 e\u011flenceli ve kaliteli hale getirmek i\u00e7in \u00e7ok \u00e7al\u0131\u015f\u0131yoruz. Ve bu oyunlar\u0131 size h\u0131zl\u0131 bir \u015fekilde sunmaya \u00e7al\u0131\u015f\u0131yoruz. Tasarl\u0131yoruzPlanlamadan sonra, projemizi tasarlar olabildi\u011fince detaylar\u0131 olu\u015fturmaya \u00e7al\u0131\u015f\u0131r\u0131z.Test EdiyoruzOyunlar\u0131m\u0131z\u0131 test ediyor ve t\u00fcm hatalar\u0131 d\u00fczeltiyoruz. Eksik ve hatalar\u0131 temizledikten sonra size istikrarl\u0131 bir \u015fekilde sunuyoruz. Detaym\u0131 Laz\u0131m?Bizimle ileti\u015fim paneli, Mail veya Discord&#8217;dan ileti\u015fime ge\u00e7erek daha fazla detay alabilirsiniz. \u0130leti\u015fime Ge\u00e7","protected":false},"author":1,"featured_media":2328,"parent":0,"menu_order":0,"comment_status":"closed","ping_status":"closed","template":"","meta":{"_links_to":"","_links_to_target":""},"yoast_head":"<title>\u00c7al\u0131\u015fmalar\u0131m\u0131z - \u00dcmitEski Studio<\/title>\n<meta name=\"description\" content=\"Ba\u011f\u0131ms\u0131z video oyun geli\u015ftirici olarak da bilinen \u00dcmitEski Studio&#039; ya ait yap\u0131lm\u0131\u015f olan \u00e7al\u0131\u015fmalar, oyunlar, projeleri burada g\u00f6rebilirsiniz.\" \/>\n<link rel=\"canonical\" href=\"https:\/\/studio.umiteski.com.tr\/en\/calismalarimiz\/\" \/>\n<meta property=\"og:locale\" content=\"en_US\" \/>\n<meta property=\"og:type\" content=\"article\" \/>\n<meta property=\"og:title\" content=\"\u00c7al\u0131\u015fmalar\u0131m\u0131z - \u00dcmitEski Studio - Ba\u011f\u0131ms\u0131z Oyun Geli\u015ftirici\" \/>\n<meta property=\"og:description\" content=\"Ba\u011f\u0131ms\u0131z video oyun geli\u015ftirici olarak da bilinen \u00dcmitEski Studio&#039; ya ait yap\u0131lm\u0131\u015f olan \u00e7al\u0131\u015fmalar, oyunlar, projeleri burada g\u00f6rebilirsiniz.\" \/>\n<meta property=\"og:url\" content=\"https:\/\/studio.umiteski.com.tr\/en\/calismalarimiz\/\" \/>\n<meta property=\"og:site_name\" content=\"\u00dcmitEski Studio\" \/>\n<meta property=\"article:modified_time\" content=\"2021-04-17T09:05:42+00:00\" \/>\n<meta property=\"og:image\" content=\"https:\/\/studio.umiteski.com.tr\/wp-content\/uploads\/2021\/03\/gamestudio.png\" \/>\n\t<meta property=\"og:image:width\" content=\"1920\" \/>\n\t<meta property=\"og:image:height\" content=\"1080\" \/>\n<meta name=\"twitter:card\" content=\"summary_large_image\" \/>\n<meta name=\"twitter:title\" content=\"\u00c7al\u0131\u015fmalar\u0131m\u0131z - \u00dcmitEski Studio - Ba\u011f\u0131ms\u0131z Oyun Geli\u015ftirici\" \/>\n<meta name=\"twitter:description\" content=\"Ba\u011f\u0131ms\u0131z video oyun geli\u015ftirici olarak da bilinen \u00dcmitEski Studio&#039; ya ait yap\u0131lm\u0131\u015f olan \u00e7al\u0131\u015fmalar, oyunlar, projeleri burada g\u00f6rebilirsiniz.\" \/>\n<meta name=\"twitter:image\" content=\"https:\/\/studio.umiteski.com.tr\/wp-content\/uploads\/2021\/03\/gamestudio.png\" \/>\n<meta name=\"twitter:label1\" content=\"Est. reading time\">\n\t<meta name=\"twitter:data1\" content=\"5 minutes\">\n<script type=\"application\/ld+json\" class=\"yoast-schema-graph\">{\"@context\":\"https:\/\/schema.org\",\"@graph\":[{\"@type\":\"WebSite\",\"@id\":\"https:\/\/studio.umiteski.com.tr\/#website\",\"url\":\"https:\/\/studio.umiteski.com.tr\/\",\"name\":\"\\u00dcmitEski Studio\",\"description\":\"Ba\\u011f\\u0131ms\\u0131z Oyun Geli\\u015ftirici\",\"potentialAction\":[{\"@type\":\"SearchAction\",\"target\":\"https:\/\/studio.umiteski.com.tr\/?s={search_term_string}\",\"query-input\":\"required name=search_term_string\"}],\"inLanguage\":\"en-US\"},{\"@type\":\"ImageObject\",\"@id\":\"https:\/\/studio.umiteski.com.tr\/calismalarimiz\/#primaryimage\",\"inLanguage\":\"en-US\",\"url\":\"https:\/\/studio.umiteski.com.tr\/wp-content\/uploads\/2021\/03\/gamestudio.png\",\"width\":1920,\"height\":1080,\"caption\":\"gamestudio\"},{\"@type\":\"WebPage\",\"@id\":\"https:\/\/studio.umiteski.com.tr\/calismalarimiz\/#webpage\",\"url\":\"https:\/\/studio.umiteski.com.tr\/calismalarimiz\/\",\"name\":\"\\u00c7al\\u0131\\u015fmalar\\u0131m\\u0131z - \\u00dcmitEski Studio\",\"isPartOf\":{\"@id\":\"https:\/\/studio.umiteski.com.tr\/#website\"},\"primaryImageOfPage\":{\"@id\":\"https:\/\/studio.umiteski.com.tr\/calismalarimiz\/#primaryimage\"},\"datePublished\":\"2021-03-12T04:09:49+00:00\",\"dateModified\":\"2021-04-17T09:05:42+00:00\",\"description\":\"Ba\\u011f\\u0131ms\\u0131z video oyun geli\\u015ftirici olarak da bilinen \\u00dcmitEski Studio' ya ait yap\\u0131lm\\u0131\\u015f olan \\u00e7al\\u0131\\u015fmalar, oyunlar, projeleri burada g\\u00f6rebilirsiniz.\",\"breadcrumb\":{\"@id\":\"https:\/\/studio.umiteski.com.tr\/calismalarimiz\/#breadcrumb\"},\"inLanguage\":\"en-US\",\"potentialAction\":[{\"@type\":\"ReadAction\",\"target\":[\"https:\/\/studio.umiteski.com.tr\/calismalarimiz\/\"]}]},{\"@type\":\"BreadcrumbList\",\"@id\":\"https:\/\/studio.umiteski.com.tr\/calismalarimiz\/#breadcrumb\",\"itemListElement\":[{\"@type\":\"ListItem\",\"position\":1,\"item\":{\"@type\":\"WebPage\",\"@id\":\"https:\/\/studio.umiteski.com.tr\/\",\"url\":\"https:\/\/studio.umiteski.com.tr\/\",\"name\":\"Anasayfa\"}},{\"@type\":\"ListItem\",\"position\":2,\"item\":{\"@type\":\"WebPage\",\"@id\":\"https:\/\/studio.umiteski.com.tr\/calismalarimiz\/\",\"url\":\"https:\/\/studio.umiteski.com.tr\/calismalarimiz\/\",\"name\":\"\\u00c7al\\u0131\\u015fmalar\\u0131m\\u0131z\"}}]}]}<\/script>","_links":{"self":[{"href":"https:\/\/studio.umiteski.com.tr\/en\/wp-json\/wp\/v2\/pages\/466"}],"collection":[{"href":"https:\/\/studio.umiteski.com.tr\/en\/wp-json\/wp\/v2\/pages"}],"about":[{"href":"https:\/\/studio.umiteski.com.tr\/en\/wp-json\/wp\/v2\/types\/page"}],"author":[{"embeddable":true,"href":"https:\/\/studio.umiteski.com.tr\/en\/wp-json\/wp\/v2\/users\/1"}],"replies":[{"embeddable":true,"href":"https:\/\/studio.umiteski.com.tr\/en\/wp-json\/wp\/v2\/comments?post=466"}],"version-history":[{"count":0,"href":"https:\/\/studio.umiteski.com.tr\/en\/wp-json\/wp\/v2\/pages\/466\/revisions"}],"wp:featuredmedia":[{"embeddable":true,"href":"https:\/\/studio.umiteski.com.tr\/en\/wp-json\/wp\/v2\/media\/2328"}],"wp:attachment":[{"href":"https:\/\/studio.umiteski.com.tr\/en\/wp-json\/wp\/v2\/media?parent=466"}],"curies":[{"name":"wp","href":"https:\/\/api.w.org\/{rel}","templated":true}]}}